{"id":978,"date":"2025-03-04T15:17:40","date_gmt":"2025-03-04T07:17:40","guid":{"rendered":"https:\/\/www.cnvicast.com\/?post_type=product&#038;p=978"},"modified":"2025-03-04T15:17:40","modified_gmt":"2025-03-04T07:17:40","slug":"vicast-22-5-degree-grooved-pipe-fitting-elbow","status":"publish","type":"product","link":"https:\/\/www.cnvicast.com\/it\/product\/vicast-22-5-degree-grooved-pipe-fitting-elbow\/","title":{"rendered":"VICAST 22,5 \u00b0 grado gomito di raccordo di tubo a scanalatura"},"content":{"rendered":"<p>Introduzione del prodotto<\/p>\n<p>XGQT05<\/p>\n<p>Il nostro gomito fornisce una soluzione robusta ed efficiente per la connessione<\/p>\n<p>tubazioni in una variet\u00e0 di applicazioni, tra cui HVAc, protezione antincendio e industriale<\/p>\n<p>sistemi.<\/p>\n<p>Progettato per durabilit\u00e0 e facilit\u00e0 di installazione, questo accoppiamento garantisce un adattamento sicuro e resistente alle condizioni di alta pressione e temperatura.<\/p>\n<p>Con il suo design di precisione e la qualit\u00e0 superiore del materiale, il nostro accoppiamento a scanalatura rigida \u00e8 la scelta ideale per qualsiasi progetto che richiede resistenza, affidabilit\u00e0,<\/p>\n<p>e prestazioni a lungo termine.<\/p>","protected":false},"excerpt":{"rendered":"<p>Vicast<sup>\u00ae<\/sup> 22.5 gomito<\/p>\n<p>XGQT05<\/p>\n<p>&nbsp;<\/p>\n<p>Gamma di dimensioni: 1 - 12&#8243;  \/ DN25 - DN300<\/p>\n<p>Intervalo di temperatura: -20oF a 180oF\/-29oC a 82oC.<\/p>\n<p>Standard materiale:<\/p>\n<p>ASTM A536, grado 65-45-12,<\/p>\n<p>ASTM A395, grado 65-45-15<\/p>\n<p>Standard di progettazione: ISO6182, AWWA C606, GB 5135.11<\/p>","protected":false},"featured_media":982,"comment_status":"open","ping_status":"closed","template":"","meta":[],"product_brand":[],"product_cat":[67,15],"product_tag":[],"class_list":{"0":"post-978","1":"product","2":"type-product","3":"status-publish","4":"has-post-thumbnail","6":"product_cat-elbow-22-5","7":"product_cat-grooved-pipe-fittingconnect","9":"first","10":"instock","11":"shipping-taxable","12":"product-type-simple"},"_links":{"self":[{"href":"https:\/\/www.cnvicast.com\/it\/wp-json\/wp\/v2\/product\/978","targetHints":{"allow":["GET"]}}],"collection":[{"href":"https:\/\/www.cnvicast.com\/it\/wp-json\/wp\/v2\/product"}],"about":[{"href":"https:\/\/www.cnvicast.com\/it\/wp-json\/wp\/v2\/types\/product"}],"replies":[{"embeddable":true,"href":"https:\/\/www.cnvicast.com\/it\/wp-json\/wp\/v2\/comments?post=978"}],"wp:featuredmedia":[{"embeddable":true,"href":"https:\/\/www.cnvicast.com\/it\/wp-json\/wp\/v2\/media\/982"}],"wp:attachment":[{"href":"https:\/\/www.cnvicast.com\/it\/wp-json\/wp\/v2\/media?parent=978"}],"wp:term":[{"taxonomy":"product_brand","embeddable":true,"href":"https:\/\/www.cnvicast.com\/it\/wp-json\/wp\/v2\/product_brand?post=978"},{"taxonomy":"product_cat","embeddable":true,"href":"https:\/\/www.cnvicast.com\/it\/wp-json\/wp\/v2\/product_cat?post=978"},{"taxonomy":"product_tag","embeddable":true,"href":"https:\/\/www.cnvicast.com\/it\/wp-json\/wp\/v2\/product_tag?post=978"}],"curies":[{"name":"wp","href":"https:\/\/api.w.org\/{rel}","templated":true}]}}