{"id":1152,"date":"2025-03-05T17:22:32","date_gmt":"2025-03-05T09:22:32","guid":{"rendered":"https:\/\/www.cnvicast.com\/?post_type=product&#038;p=1152"},"modified":"2025-03-05T17:48:34","modified_gmt":"2025-03-05T09:48:34","slug":"vicast-grooved-eccentric-reducer","status":"publish","type":"product","link":"https:\/\/www.cnvicast.com\/it\/product\/vicast-grooved-eccentric-reducer\/","title":{"rendered":"Riduttore eccentrico a scanalature VICAST"},"content":{"rendered":"<p>Introduzione del prodotto<\/p>\n<p>XGQT12<\/p>\n<p>Il nostro riduttore eccentrico a scanalature fornisce una soluzione robusta ed efficiente per il collegamento di tubazioni in una variet\u00e0 di applicazioni, tra cui HVAc, protezione antincendio e sistemi industriali.<\/p>\n<p>Progettato per durabilit\u00e0 e facilit\u00e0 di installazione, questo accoppiamento garantisce un adattamento sicuro e resistente alle condizioni di alta pressione e temperatura.<\/p>\n<p>Con il suo design di precisione e la qualit\u00e0 superiore del materiale, il nostro accoppiamento a scanalatura rigida \u00e8 la scelta ideale per qualsiasi progetto che richiede resistenza, affidabilit\u00e0 e prestazioni di lunga durata.<\/p>","protected":false},"excerpt":{"rendered":"<p>Vicast<sup>\u00ae<\/sup>Riduttore eccentrico a scanalatura<\/p>\n<p>XGQT12<\/p>\n<p><strong>Dimensioni ra<\/strong>numero: 2 \u2013 10&#8243;  \/ DN50 - DN250<\/p>\n<p>Intervalo di temperatura: -20oF a 180oF\/-29oC a 82oC.<\/p>\n<p>Standard materiale:<\/p>\n<p>ASTM A536, grado 65-45-12,<\/p>\n<p>ASTM A395, grado 65-45-15<\/p>\n<p>Standard di progettazione: ISO6182, AWWA C606, GB 5135.11<\/p>\n<p>ASTM A395, grado 65-45-15<\/p>\n<p>Standard di progettazione: ISO6182, AWWA C606, GB 5135.11<\/p>","protected":false},"featured_media":1156,"comment_status":"open","ping_status":"closed","template":"","meta":[],"product_brand":[],"product_cat":[15,61],"product_tag":[],"class_list":{"0":"post-1152","1":"product","2":"type-product","3":"status-publish","4":"has-post-thumbnail","6":"product_cat-grooved-pipe-fittingconnect","7":"product_cat-socket-reducing","9":"first","10":"instock","11":"shipping-taxable","12":"product-type-simple"},"_links":{"self":[{"href":"https:\/\/www.cnvicast.com\/it\/wp-json\/wp\/v2\/product\/1152","targetHints":{"allow":["GET"]}}],"collection":[{"href":"https:\/\/www.cnvicast.com\/it\/wp-json\/wp\/v2\/product"}],"about":[{"href":"https:\/\/www.cnvicast.com\/it\/wp-json\/wp\/v2\/types\/product"}],"replies":[{"embeddable":true,"href":"https:\/\/www.cnvicast.com\/it\/wp-json\/wp\/v2\/comments?post=1152"}],"wp:featuredmedia":[{"embeddable":true,"href":"https:\/\/www.cnvicast.com\/it\/wp-json\/wp\/v2\/media\/1156"}],"wp:attachment":[{"href":"https:\/\/www.cnvicast.com\/it\/wp-json\/wp\/v2\/media?parent=1152"}],"wp:term":[{"taxonomy":"product_brand","embeddable":true,"href":"https:\/\/www.cnvicast.com\/it\/wp-json\/wp\/v2\/product_brand?post=1152"},{"taxonomy":"product_cat","embeddable":true,"href":"https:\/\/www.cnvicast.com\/it\/wp-json\/wp\/v2\/product_cat?post=1152"},{"taxonomy":"product_tag","embeddable":true,"href":"https:\/\/www.cnvicast.com\/it\/wp-json\/wp\/v2\/product_tag?post=1152"}],"curies":[{"name":"wp","href":"https:\/\/api.w.org\/{rel}","templated":true}]}}