{"id":1051,"date":"2025-03-04T17:27:48","date_gmt":"2025-03-04T09:27:48","guid":{"rendered":"https:\/\/www.cnvicast.com\/?post_type=product&#038;p=1051"},"modified":"2025-03-04T17:30:30","modified_gmt":"2025-03-04T09:30:30","slug":"vicast-grooved-pipe-fitting-tee-reducing","status":"publish","type":"product","link":"https:\/\/www.cnvicast.com\/it\/product\/vicast-grooved-pipe-fitting-tee-reducing\/","title":{"rendered":"VICAST raccordo tubo scanalato tee riduzione"},"content":{"rendered":"<p>Introduzione del prodotto<\/p>\n<p>XGQT08<\/p>\n<p>Il nostro Tee Reduce fornisce una soluzione robusta ed efficiente per il collegamento di tubazioni in una variet\u00e0 di applicazioni, tra cui HVAc, protezione antincendio e sistemi industriali.<\/p>\n<p>Progettato per durabilit\u00e0 e facilit\u00e0 di installazione, questo accoppiamento garantisce un adattamento sicuro e resistente alle condizioni di alta pressione e temperatura.<\/p>\n<p>Con il suo design di precisione e la qualit\u00e0 superiore del materiale, il nostro accoppiamento a scanalatura rigida \u00e8 la scelta ideale per qualsiasi progetto che richiede resistenza, affidabilit\u00e0 e prestazioni di lunga durata.<\/p>","protected":false},"excerpt":{"rendered":"<p>Vicast<sup>\u00ae<\/sup> Tee scanalato Ridurre<\/p>\n<p>XGQT08<\/p>\n<p>Gamma di dimensioni: 2 - 12&#8243;  \/ DN50 - DN300<\/p>\n<p>Intervalo di temperatura: -20oF a 180oF\/-29oC a 82oC.<\/p>\n<p>Standard materiale:<\/p>\n<p>ASTM A536, grado 65-45-12,<\/p>\n<p>ASTM A395, grado 65-45-15<\/p>\n<p>Standard di progettazione: ISO6182, AWWA C606, GB 5135.11<\/p>","protected":false},"featured_media":1055,"comment_status":"open","ping_status":"closed","template":"","meta":[],"product_brand":[],"product_cat":[15,64],"product_tag":[],"class_list":{"0":"post-1051","1":"product","2":"type-product","3":"status-publish","4":"has-post-thumbnail","6":"product_cat-grooved-pipe-fittingconnect","7":"product_cat-reducing-tee","9":"first","10":"instock","11":"shipping-taxable","12":"product-type-simple"},"_links":{"self":[{"href":"https:\/\/www.cnvicast.com\/it\/wp-json\/wp\/v2\/product\/1051","targetHints":{"allow":["GET"]}}],"collection":[{"href":"https:\/\/www.cnvicast.com\/it\/wp-json\/wp\/v2\/product"}],"about":[{"href":"https:\/\/www.cnvicast.com\/it\/wp-json\/wp\/v2\/types\/product"}],"replies":[{"embeddable":true,"href":"https:\/\/www.cnvicast.com\/it\/wp-json\/wp\/v2\/comments?post=1051"}],"wp:featuredmedia":[{"embeddable":true,"href":"https:\/\/www.cnvicast.com\/it\/wp-json\/wp\/v2\/media\/1055"}],"wp:attachment":[{"href":"https:\/\/www.cnvicast.com\/it\/wp-json\/wp\/v2\/media?parent=1051"}],"wp:term":[{"taxonomy":"product_brand","embeddable":true,"href":"https:\/\/www.cnvicast.com\/it\/wp-json\/wp\/v2\/product_brand?post=1051"},{"taxonomy":"product_cat","embeddable":true,"href":"https:\/\/www.cnvicast.com\/it\/wp-json\/wp\/v2\/product_cat?post=1051"},{"taxonomy":"product_tag","embeddable":true,"href":"https:\/\/www.cnvicast.com\/it\/wp-json\/wp\/v2\/product_tag?post=1051"}],"curies":[{"name":"wp","href":"https:\/\/api.w.org\/{rel}","templated":true}]}}