{"id":1024,"date":"2025-03-04T16:58:05","date_gmt":"2025-03-04T08:58:05","guid":{"rendered":"https:\/\/www.cnvicast.com\/?post_type=product&#038;p=1024"},"modified":"2025-03-04T18:21:37","modified_gmt":"2025-03-04T10:21:37","slug":"vicast-grooved-flange-pn16","status":"publish","type":"product","link":"https:\/\/www.cnvicast.com\/it\/product\/vicast-grooved-flange-pn16\/","title":{"rendered":"Flangia scanalata VICAST PN16"},"content":{"rendered":"<p>Introduzione del prodotto<\/p>\n<p>XGQT14<\/p>\n<p>La nostra flangia fornisce una soluzione robusta ed efficiente per il collegamento di tubazioni in una variet\u00e0 di applicazioni, tra cui HVAc, protezione antincendio e sistemi industriali.<\/p>\n<p>Progettato per durabilit\u00e0 e facilit\u00e0 di installazione, questo accoppiamento garantisce un adattamento sicuro e resistente alle condizioni di alta pressione e temperatura.<\/p>\n<p>Con il suo design di precisione e la qualit\u00e0 superiore del materiale, il nostro accoppiamento a scanalatura rigida \u00e8 la scelta ideale per qualsiasi progetto che richiede resistenza, affidabilit\u00e0 e prestazioni di lunga durata.<\/p>","protected":false},"excerpt":{"rendered":"<p>Vicast<sup>\u00ae<\/sup> Flangia divisa<\/p>\n<p>XGQT14<\/p>\n<p>Gamma di dimensioni: 2 - 12&#8243;  \/ DN50 - DN300<\/p>\n<p>Intervalo di temperatura: -20oF a 180oF\/-29oC a 82oC.<\/p>\n<p>Standard materiale:<\/p>\n<p>ASTM A536, grado 65-45-12,<\/p>\n<p>ASTM A395, grado 65-45-15<\/p>\n<p>Standard di progettazione: ISO6182, AWWA C606, GB 5135.11<\/p>","protected":false},"featured_media":1025,"comment_status":"open","ping_status":"closed","template":"","meta":[],"product_brand":[],"product_cat":[31,77],"product_tag":[],"class_list":{"0":"post-1024","1":"product","2":"type-product","3":"status-publish","4":"has-post-thumbnail","6":"product_cat-grooved-flange","7":"product_cat-grooved-flange-pn16","9":"first","10":"instock","11":"shipping-taxable","12":"product-type-simple"},"_links":{"self":[{"href":"https:\/\/www.cnvicast.com\/it\/wp-json\/wp\/v2\/product\/1024","targetHints":{"allow":["GET"]}}],"collection":[{"href":"https:\/\/www.cnvicast.com\/it\/wp-json\/wp\/v2\/product"}],"about":[{"href":"https:\/\/www.cnvicast.com\/it\/wp-json\/wp\/v2\/types\/product"}],"replies":[{"embeddable":true,"href":"https:\/\/www.cnvicast.com\/it\/wp-json\/wp\/v2\/comments?post=1024"}],"wp:featuredmedia":[{"embeddable":true,"href":"https:\/\/www.cnvicast.com\/it\/wp-json\/wp\/v2\/media\/1025"}],"wp:attachment":[{"href":"https:\/\/www.cnvicast.com\/it\/wp-json\/wp\/v2\/media?parent=1024"}],"wp:term":[{"taxonomy":"product_brand","embeddable":true,"href":"https:\/\/www.cnvicast.com\/it\/wp-json\/wp\/v2\/product_brand?post=1024"},{"taxonomy":"product_cat","embeddable":true,"href":"https:\/\/www.cnvicast.com\/it\/wp-json\/wp\/v2\/product_cat?post=1024"},{"taxonomy":"product_tag","embeddable":true,"href":"https:\/\/www.cnvicast.com\/it\/wp-json\/wp\/v2\/product_tag?post=1024"}],"curies":[{"name":"wp","href":"https:\/\/api.w.org\/{rel}","templated":true}]}}