{"id":280,"date":"2025-02-06T10:07:53","date_gmt":"2025-02-06T02:07:53","guid":{"rendered":"http:\/\/www.cnvicast.com\/?page_id=280"},"modified":"2025-09-15T16:54:50","modified_gmt":"2025-09-15T08:54:50","slug":"sustainability","status":"publish","type":"page","link":"https:\/\/www.cnvicast.com\/it\/about-us\/sustainability\/","title":{"rendered":"Sostenibilit\u00e0"},"content":{"rendered":"<div data-elementor-type=\"wp-page\" data-elementor-id=\"280\" class=\"elementor elementor-280\" data-elementor-post-type=\"page\">\n\t\t\t\t\t\t<section class=\"elementor-section elementor-top-section elementor-element elementor-element-46129682 elementor-section-full_width elementor-section-height-default elementor-section-height-default\" data-id=\"46129682\" data-element_type=\"section\" data-e-type=\"section\">\n\t\t\t\t\t\t<div class=\"elementor-container elementor-column-gap-default\">\n\t\t\t\t\t<div class=\"elementor-column elementor-col-100 elementor-top-column elementor-element elementor-element-7a506e7\" data-id=\"7a506e7\" data-element_type=\"column\" data-e-type=\"column\">\n\t\t\t<div class=\"elementor-widget-wrap elementor-element-populated\">\n\t\t\t\t\t\t<section class=\"elementor-section elementor-inner-section elementor-element elementor-element-1ddde80c elementor-section-full_width animated-fast elementor-section-height-default elementor-section-height-default\" data-id=\"1ddde80c\" data-element_type=\"section\" data-e-type=\"section\" data-settings=\"{&quot;animation&quot;:&quot;none&quot;}\">\n\t\t\t\t\t\t<div class=\"elementor-container elementor-column-gap-default\">\n\t\t\t\t\t<div class=\"elementor-column elementor-col-100 elementor-inner-column elementor-element elementor-element-7d499a6a\" data-id=\"7d499a6a\" data-element_type=\"column\" data-e-type=\"column\">\n\t\t\t<div class=\"elementor-widget-wrap elementor-element-populated\">\n\t\t\t\t\t\t<div class=\"elementor-element elementor-element-50a66ae elementor-widget-laptop__width-initial elementor--h-position-center elementor--v-position-middle elementor-arrows-position-inside elementor-pagination-position-inside elementor-widget elementor-widget-slides\" data-id=\"50a66ae\" data-element_type=\"widget\" data-e-type=\"widget\" data-settings=\"{&quot;navigation&quot;:&quot;both&quot;,&quot;autoplay&quot;:&quot;yes&quot;,&quot;pause_on_hover&quot;:&quot;yes&quot;,&quot;pause_on_interaction&quot;:&quot;yes&quot;,&quot;autoplay_speed&quot;:5000,&quot;infinite&quot;:&quot;yes&quot;,&quot;transition&quot;:&quot;slide&quot;,&quot;transition_speed&quot;:500}\" data-widget_type=\"slides.default\">\n\t\t\t\t<div class=\"elementor-widget-container\">\n\t\t\t\t\t\t\t\t\t<div class=\"elementor-swiper\">\n\t\t\t\t\t<div class=\"elementor-slides-wrapper elementor-main-swiper swiper\" role=\"region\" aria-roledescription=\"carousel\" aria-label=\"Diapositive\" dir=\"ltr\" data-animation=\"fadeInUp\">\n\t\t\t\t<div class=\"swiper-wrapper elementor-slides\">\n\t\t\t\t\t\t\t\t\t\t<div class=\"elementor-repeater-item-0a00500 swiper-slide\" role=\"group\" aria-roledescription=\"slide\"><div class=\"swiper-slide-bg\" role=\"img\"><\/div><div class=\"swiper-slide-inner\" ><div class=\"swiper-slide-contents\"><\/div><\/div><\/div>\t\t\t\t<\/div>\n\t\t\t\t\t\t\t<\/div>\n\t\t\t\t<\/div>\n\t\t\t\t\t\t\t\t<\/div>\n\t\t\t\t<\/div>\n\t\t\t\t<div class=\"elementor-element elementor-element-4fb92ce elementor-absolute elementor-widget elementor-widget-heading\" data-id=\"4fb92ce\" data-element_type=\"widget\" data-e-type=\"widget\" data-settings=\"{&quot;_position&quot;:&quot;absolute&quot;}\" data-widget_type=\"heading.default\">\n\t\t\t\t<div class=\"elementor-widget-container\">\n\t\t\t\t\t<h1 class=\"elementor-heading-title elementor-size-default\">Sostenibilit\u00e0<\/h1>\t\t\t\t<\/div>\n\t\t\t\t<\/div>\n\t\t\t\t\t<\/div>\n\t\t<\/div>\n\t\t\t\t\t<\/div>\n\t\t<\/section>\n\t\t\t\t\t<\/div>\n\t\t<\/div>\n\t\t\t\t\t<\/div>\n\t\t<\/section>\n\t\t\t\t<section class=\"elementor-section elementor-top-section elementor-element elementor-element-3b818f03 elementor-section-boxed elementor-section-height-default elementor-section-height-default\" data-id=\"3b818f03\" data-element_type=\"section\" data-e-type=\"section\">\n\t\t\t\t\t\t<div class=\"elementor-container elementor-column-gap-default\">\n\t\t\t\t\t<div class=\"elementor-column elementor-col-100 elementor-top-column elementor-element elementor-element-1c211bb8\" data-id=\"1c211bb8\" data-element_type=\"column\" data-e-type=\"column\">\n\t\t\t<div class=\"elementor-widget-wrap elementor-element-populated\">\n\t\t\t\t\t\t<section class=\"elementor-section elementor-inner-section elementor-element elementor-element-3cd46159 elementor-section-full_width animated-fast elementor-section-height-default elementor-section-height-default\" data-id=\"3cd46159\" data-element_type=\"section\" data-e-type=\"section\" data-settings=\"{&quot;animation&quot;:&quot;none&quot;}\">\n\t\t\t\t\t\t<div class=\"elementor-container elementor-column-gap-default\">\n\t\t\t\t\t<div class=\"elementor-column elementor-col-100 elementor-inner-column elementor-element elementor-element-2a9e5e56\" data-id=\"2a9e5e56\" data-element_type=\"column\" data-e-type=\"column\">\n\t\t\t<div class=\"elementor-widget-wrap elementor-element-populated\">\n\t\t\t\t\t\t<div class=\"elementor-element elementor-element-2ce6383 elementor-widget elementor-widget-heading\" data-id=\"2ce6383\" data-element_type=\"widget\" data-e-type=\"widget\" data-widget_type=\"heading.default\">\n\t\t\t\t<div class=\"elementor-widget-container\">\n\t\t\t\t\t<h2 class=\"elementor-heading-title elementor-size-default\">Materiali riciclati<\/h2>\t\t\t\t<\/div>\n\t\t\t\t<\/div>\n\t\t\t\t<div class=\"elementor-element elementor-element-baefa5b elementor-widget elementor-widget-text-editor\" data-id=\"baefa5b\" data-element_type=\"widget\" data-e-type=\"widget\" data-widget_type=\"text-editor.default\">\n\t\t\t\t<div class=\"elementor-widget-container\">\n\t\t\t\t\t\t\t\t\t<p>Mentre la maggior parte dell'acciaio prodotto oggi proviene dal minerale di ferro estratto, il ciclo di vita di un prodotto Vicast inizia nel cantiere di rottami. Cio\u00e8, non&#8217; comprare qualsiasi cosa &#8220; rottura&#8221; \u00e8 disponibile; approvvigionamo gradi specifici di rottami di acciaio e, a seconda della sua disponibilit\u00e0, i nostri prodotti in ferro duttile sono realizzati con materiale riciclato fino al 98%. Poich\u00e9 usiamo materiale riciclato invece del minerale di ferro vergine, il contenuto di carbonio dei nostri prodotti \u00e8 intrinsecamente molto pi\u00f9 basso.<br \/>Siamo orgogliosi di offrire prodotti realizzati con materiali riciclati che possono essere riciclati quasi completamente nel loro stato originale.<br \/>L\u2019economia circolare d\u00e0 priorit\u00e0 ai materiali riciclati rispetto alle materie prime: le soluzioni sono progettate per minimizzare o eliminare i rifiuti e il prodotto finale pu\u00f2 essere riutilizzato, riciclato o riutilizzato.<\/p>\t\t\t\t\t\t\t\t<\/div>\n\t\t\t\t<\/div>\n\t\t\t\t\t<\/div>\n\t\t<\/div>\n\t\t\t\t\t<\/div>\n\t\t<\/section>\n\t\t\t\t\t<\/div>\n\t\t<\/div>\n\t\t\t\t\t<\/div>\n\t\t<\/section>\n\t\t\t\t<section class=\"elementor-section elementor-top-section elementor-element elementor-element-2caa1dc elementor-section-boxed elementor-section-height-default elementor-section-height-default\" data-id=\"2caa1dc\" data-element_type=\"section\" data-e-type=\"section\">\n\t\t\t\t\t\t<div class=\"elementor-container elementor-column-gap-default\">\n\t\t\t\t\t<div class=\"elementor-column elementor-col-100 elementor-top-column elementor-element elementor-element-2ceac9e\" data-id=\"2ceac9e\" data-element_type=\"column\" data-e-type=\"column\">\n\t\t\t<div class=\"elementor-widget-wrap elementor-element-populated\">\n\t\t\t\t\t\t<section class=\"elementor-section elementor-inner-section elementor-element elementor-element-7ed4b0f elementor-section-full_width animated-fast elementor-section-height-default elementor-section-height-default\" data-id=\"7ed4b0f\" data-element_type=\"section\" data-e-type=\"section\" data-settings=\"{&quot;animation&quot;:&quot;none&quot;}\">\n\t\t\t\t\t\t<div class=\"elementor-container elementor-column-gap-default\">\n\t\t\t\t\t<div class=\"elementor-column elementor-col-100 elementor-inner-column elementor-element elementor-element-48ee1a3\" data-id=\"48ee1a3\" data-element_type=\"column\" data-e-type=\"column\">\n\t\t\t<div class=\"elementor-widget-wrap elementor-element-populated\">\n\t\t\t\t\t\t<div class=\"elementor-element elementor-element-e64f2da elementor-widget elementor-widget-heading\" data-id=\"e64f2da\" data-element_type=\"widget\" data-e-type=\"widget\" data-widget_type=\"heading.default\">\n\t\t\t\t<div class=\"elementor-widget-container\">\n\t\t\t\t\t<h2 class=\"elementor-heading-title elementor-size-default\">Acqua<\/h2>\t\t\t\t<\/div>\n\t\t\t\t<\/div>\n\t\t\t\t<div class=\"elementor-element elementor-element-a0472c1 elementor-widget elementor-widget-text-editor\" data-id=\"a0472c1\" data-element_type=\"widget\" data-e-type=\"widget\" data-widget_type=\"text-editor.default\">\n\t\t\t\t<div class=\"elementor-widget-container\">\n\t\t\t\t\t\t\t\t\t<p>A causa della natura dell'industria della colata dei metalli e della progettazione delle nostre fonderie, l'acqua non \u00e8 l'afflusso o l'uscita pi\u00f9 significativi dalla nostra produzione o dalle nostre operazioni. Vicast&#8217; L'uso dell'acqua dell'impianto \u00e8 correlato positivamente al numero di dipendenti in loco in ogni impianto, il che significa che la maggior parte del nostro uso dell'acqua proviene dalle strutture essenziali dei dipendenti.<br \/>Tutte le acque reflue vengono pre-trattate in loco e testate ad intervalli per eventuali non conformit\u00e0 prima dello scarico in un impianto di trattamento delle acque reflue appropriato per rispettare i requisiti normativi locali. Rispettiamo tutti gli standard normativi locali e regionali applicabili per la qualit\u00e0 dello scarico delle acque reflue.<\/p>\t\t\t\t\t\t\t\t<\/div>\n\t\t\t\t<\/div>\n\t\t\t\t\t<\/div>\n\t\t<\/div>\n\t\t\t\t\t<\/div>\n\t\t<\/section>\n\t\t\t\t\t<\/div>\n\t\t<\/div>\n\t\t\t\t\t<\/div>\n\t\t<\/section>\n\t\t\t\t<section class=\"elementor-section elementor-top-section elementor-element elementor-element-cedabbc elementor-section-boxed elementor-section-height-default elementor-section-height-default\" data-id=\"cedabbc\" data-element_type=\"section\" data-e-type=\"section\">\n\t\t\t\t\t\t<div class=\"elementor-container elementor-column-gap-default\">\n\t\t\t\t\t<div class=\"elementor-column elementor-col-100 elementor-top-column elementor-element elementor-element-760cef1\" data-id=\"760cef1\" data-element_type=\"column\" data-e-type=\"column\">\n\t\t\t<div class=\"elementor-widget-wrap elementor-element-populated\">\n\t\t\t\t\t\t<section class=\"elementor-section elementor-inner-section elementor-element elementor-element-7dd97f8 elementor-section-full_width animated-fast elementor-section-height-default elementor-section-height-default\" data-id=\"7dd97f8\" data-element_type=\"section\" data-e-type=\"section\" data-settings=\"{&quot;animation&quot;:&quot;none&quot;}\">\n\t\t\t\t\t\t<div class=\"elementor-container elementor-column-gap-default\">\n\t\t\t\t\t<div class=\"elementor-column elementor-col-100 elementor-inner-column elementor-element elementor-element-52df52b\" data-id=\"52df52b\" data-element_type=\"column\" data-e-type=\"column\">\n\t\t\t<div class=\"elementor-widget-wrap elementor-element-populated\">\n\t\t\t\t\t\t<div class=\"elementor-element elementor-element-dcae0be elementor-widget elementor-widget-heading\" data-id=\"dcae0be\" data-element_type=\"widget\" data-e-type=\"widget\" data-widget_type=\"heading.default\">\n\t\t\t\t<div class=\"elementor-widget-container\">\n\t\t\t\t\t<h2 class=\"elementor-heading-title elementor-size-default\">Emissioni aeree<\/h2>\t\t\t\t<\/div>\n\t\t\t\t<\/div>\n\t\t\t\t<div class=\"elementor-element elementor-element-08b07f0 elementor-widget elementor-widget-text-editor\" data-id=\"08b07f0\" data-element_type=\"widget\" data-e-type=\"widget\" data-widget_type=\"text-editor.default\">\n\t\t\t\t<div class=\"elementor-widget-container\">\n\t\t\t\t\t\t\t\t\t<p>Prima che qualsiasi sostanza chimica o materiale sia considerato per l'uso o portato in uno stabilimento Victaulic, viene valutato per il suo potenziale di emissioni (PTE). La valutazione del PTE esaminer\u00e0 il potenziale di emissioni di ossidi di azoto (NOx), ossidi di zolfo (S0x), inquinanti organici persistenti (POP), composti organici volatili (VOC), inquinanti atmosferici pericolosi (HAP), particelle (PM) e altre categorie standard di emissioni atmosferiche identificate nelle normative pertinenti. Le emissioni atmosferiche vengono monitorate e segnalate in conformit\u00e0 ai requisiti normativi nazionali. Se per la produzione sono necessarie sostanze che impoveriscono l'ozono, tali sostanze saranno monitorate e segnalate in conformit\u00e0 con i rispettivi requisiti normativi nazionali.<\/p>\t\t\t\t\t\t\t\t<\/div>\n\t\t\t\t<\/div>\n\t\t\t\t\t<\/div>\n\t\t<\/div>\n\t\t\t\t\t<\/div>\n\t\t<\/section>\n\t\t\t\t\t<\/div>\n\t\t<\/div>\n\t\t\t\t\t<\/div>\n\t\t<\/section>\n\t\t\t\t<\/div>","protected":false},"excerpt":{"rendered":"<p>Sustainability RECYCLED MATERIALS While most of the steel produced today comes from mined iron ore, the life cycle of a Vicast product begins at the scrap yard. That is, we don&#8217;t just buy whatever &#8220;scrap&#8221; is available; we source specific grades of scrap steel and, depending on its availability, our ductile iron products are made [&hellip;]<\/p>\n","protected":false},"author":1,"featured_media":0,"parent":20,"menu_order":0,"comment_status":"closed","ping_status":"closed","template":"elementor_header_footer","meta":{"footnotes":""},"class_list":["post-280","page","type-page","status-publish","hentry"],"_links":{"self":[{"href":"https:\/\/www.cnvicast.com\/it\/wp-json\/wp\/v2\/pages\/280","targetHints":{"allow":["GET"]}}],"collection":[{"href":"https:\/\/www.cnvicast.com\/it\/wp-json\/wp\/v2\/pages"}],"about":[{"href":"https:\/\/www.cnvicast.com\/it\/wp-json\/wp\/v2\/types\/page"}],"author":[{"embeddable":true,"href":"https:\/\/www.cnvicast.com\/it\/wp-json\/wp\/v2\/users\/1"}],"replies":[{"embeddable":true,"href":"https:\/\/www.cnvicast.com\/it\/wp-json\/wp\/v2\/comments?post=280"}],"version-history":[{"count":23,"href":"https:\/\/www.cnvicast.com\/it\/wp-json\/wp\/v2\/pages\/280\/revisions"}],"predecessor-version":[{"id":1506,"href":"https:\/\/www.cnvicast.com\/it\/wp-json\/wp\/v2\/pages\/280\/revisions\/1506"}],"up":[{"embeddable":true,"href":"https:\/\/www.cnvicast.com\/it\/wp-json\/wp\/v2\/pages\/20"}],"wp:attachment":[{"href":"https:\/\/www.cnvicast.com\/it\/wp-json\/wp\/v2\/media?parent=280"}],"curies":[{"name":"wp","href":"https:\/\/api.w.org\/{rel}","templated":true}]}}