{"id":978,"date":"2025-03-04T15:17:40","date_gmt":"2025-03-04T07:17:40","guid":{"rendered":"https:\/\/www.cnvicast.com\/?post_type=product&#038;p=978"},"modified":"2025-03-04T15:17:40","modified_gmt":"2025-03-04T07:17:40","slug":"vicast-22-5-degree-grooved-pipe-fitting-elbow","status":"publish","type":"product","link":"https:\/\/www.cnvicast.com\/fr\/product\/vicast-22-5-degree-grooved-pipe-fitting-elbow\/","title":{"rendered":"VICAST 22,5 \u00b0 degr\u00e9 coude de raccordement de tuyau rainur\u00e9"},"content":{"rendered":"<p>Introduction du produit<\/p>\n<p>XGQT05<\/p>\n<p>Notre coude offre une solution robuste et efficace pour la connexion<\/p>\n<p>tuyaux dans une vari\u00e9t\u00e9 d'applications, y compris HVAc, protection contre l'incendie et industrielle<\/p>\n<p>syst\u00e8mes.<\/p>\n<p>Con\u00e7u pour la durabilit\u00e9 et la facilit\u00e9 d'installation, ce couplage assure un ajustement s\u00fbr et \u00e0 l'\u00e9preuve de fuites qui r\u00e9siste aux conditions de haute pression et de temp\u00e9rature.<\/p>\n<p>Avec sa conception de pr\u00e9cision et sa qualit\u00e9 sup\u00e9rieure du mat\u00e9riau, notre couplage rain\u00e9 rigide est le choix id\u00e9al pour tout projet exigeant la r\u00e9sistance, la fiabilit\u00e9,<\/p>\n<p>et des performances durables.<\/p>","protected":false},"excerpt":{"rendered":"<p>Vicast<sup>\u00ae<\/sup> 22.5 Coude<\/p>\n<p>XGQT05<\/p>\n<p>&nbsp;<\/p>\n<p>Gamme de tailles: 1 - 12&#8243; DN25 \u00e0 DN300<\/p>\n<p>Plage de temp\u00e9rature: -20oF \u00e0 180oF\/-29oC \u00e0 82oC.<\/p>\n<p>Norme mat\u00e9rielle:<\/p>\n<p>ASTM A536, grade 65-45-12,<\/p>\n<p>ASTM A395, grade 65-45-15<\/p>\n<p>Norme de conception: ISO6182, AWWA C606, GB 5135.11<\/p>","protected":false},"featured_media":982,"comment_status":"open","ping_status":"closed","template":"","meta":[],"product_brand":[],"product_cat":[67,15],"product_tag":[],"class_list":{"0":"post-978","1":"product","2":"type-product","3":"status-publish","4":"has-post-thumbnail","6":"product_cat-elbow-22-5","7":"product_cat-grooved-pipe-fittingconnect","9":"first","10":"instock","11":"shipping-taxable","12":"product-type-simple"},"_links":{"self":[{"href":"https:\/\/www.cnvicast.com\/fr\/wp-json\/wp\/v2\/product\/978","targetHints":{"allow":["GET"]}}],"collection":[{"href":"https:\/\/www.cnvicast.com\/fr\/wp-json\/wp\/v2\/product"}],"about":[{"href":"https:\/\/www.cnvicast.com\/fr\/wp-json\/wp\/v2\/types\/product"}],"replies":[{"embeddable":true,"href":"https:\/\/www.cnvicast.com\/fr\/wp-json\/wp\/v2\/comments?post=978"}],"wp:featuredmedia":[{"embeddable":true,"href":"https:\/\/www.cnvicast.com\/fr\/wp-json\/wp\/v2\/media\/982"}],"wp:attachment":[{"href":"https:\/\/www.cnvicast.com\/fr\/wp-json\/wp\/v2\/media?parent=978"}],"wp:term":[{"taxonomy":"product_brand","embeddable":true,"href":"https:\/\/www.cnvicast.com\/fr\/wp-json\/wp\/v2\/product_brand?post=978"},{"taxonomy":"product_cat","embeddable":true,"href":"https:\/\/www.cnvicast.com\/fr\/wp-json\/wp\/v2\/product_cat?post=978"},{"taxonomy":"product_tag","embeddable":true,"href":"https:\/\/www.cnvicast.com\/fr\/wp-json\/wp\/v2\/product_tag?post=978"}],"curies":[{"name":"wp","href":"https:\/\/api.w.org\/{rel}","templated":true}]}}