{"id":1004,"date":"2025-03-04T15:59:26","date_gmt":"2025-03-04T07:59:26","guid":{"rendered":"https:\/\/www.cnvicast.com\/?post_type=product&#038;p=1004"},"modified":"2025-03-04T18:20:56","modified_gmt":"2025-03-04T10:20:56","slug":"vicast-grooved-pipe-fitting-tee-equal","status":"publish","type":"product","link":"https:\/\/www.cnvicast.com\/es\/product\/vicast-grooved-pipe-fitting-tee-equal\/","title":{"rendered":"Camiseta de montaje de tuber\u00edas ranuradas VICAST igual"},"content":{"rendered":"<p>Introducci\u00f3n del producto<\/p>\n<p>XGQT07<\/p>\n<p>Nuestro Tee Equal proporciona una soluci\u00f3n robusta y eficiente para conectar tuber\u00edas en una variedad de aplicaciones, incluyendo HVAc, protecci\u00f3n contra incendios y sistemas industriales.<\/p>\n<p>Dise\u00f1ado para durabilidad y facilidad de instalaci\u00f3n, este acoplamiento garantiza un ajuste seguro y a prueba de fugas que soporta condiciones de alta presi\u00f3n y temperatura.<\/p>\n<p>Con su dise\u00f1o de precisi\u00f3n y calidad superior del material, nuestro acoplamiento ranurado r\u00edgido es la elecci\u00f3n ideal para cualquier proyecto que exige resistencia, fiabilidad y rendimiento de larga duraci\u00f3n.<\/p>","protected":false},"excerpt":{"rendered":"<p>Vicast<sup>\u00ae<\/sup>Tee Igual<\/p>\n<p>XGQT07<\/p>\n<p><strong>Rango de tama\u00f1os<\/strong><strong>\uff1a1 \u2013 12&#8243;  \/ DN25 - DN300<\/strong><\/p>\n<p>Rango de temperatura: -20oF a 180oF\/-29oC a 82oC.<\/p>\n<p>Est\u00e1ndar de material:<\/p>\n<p>ASTM A536, Grado 65-45-12,<\/p>\n<p>ASTM A395, Grado 65-45-15<\/p>\n<p>Est\u00e1ndar de dise\u00f1o: ISO6182, AWWA C606, GB 5135.11<\/p>","protected":false},"featured_media":1006,"comment_status":"open","ping_status":"closed","template":"","meta":[],"product_brand":[],"product_cat":[65,15],"product_tag":[],"class_list":{"0":"post-1004","1":"product","2":"type-product","3":"status-publish","4":"has-post-thumbnail","6":"product_cat-equal-tee","7":"product_cat-grooved-pipe-fittingconnect","9":"first","10":"instock","11":"shipping-taxable","12":"product-type-simple"},"_links":{"self":[{"href":"https:\/\/www.cnvicast.com\/es\/wp-json\/wp\/v2\/product\/1004","targetHints":{"allow":["GET"]}}],"collection":[{"href":"https:\/\/www.cnvicast.com\/es\/wp-json\/wp\/v2\/product"}],"about":[{"href":"https:\/\/www.cnvicast.com\/es\/wp-json\/wp\/v2\/types\/product"}],"replies":[{"embeddable":true,"href":"https:\/\/www.cnvicast.com\/es\/wp-json\/wp\/v2\/comments?post=1004"}],"wp:featuredmedia":[{"embeddable":true,"href":"https:\/\/www.cnvicast.com\/es\/wp-json\/wp\/v2\/media\/1006"}],"wp:attachment":[{"href":"https:\/\/www.cnvicast.com\/es\/wp-json\/wp\/v2\/media?parent=1004"}],"wp:term":[{"taxonomy":"product_brand","embeddable":true,"href":"https:\/\/www.cnvicast.com\/es\/wp-json\/wp\/v2\/product_brand?post=1004"},{"taxonomy":"product_cat","embeddable":true,"href":"https:\/\/www.cnvicast.com\/es\/wp-json\/wp\/v2\/product_cat?post=1004"},{"taxonomy":"product_tag","embeddable":true,"href":"https:\/\/www.cnvicast.com\/es\/wp-json\/wp\/v2\/product_tag?post=1004"}],"curies":[{"name":"wp","href":"https:\/\/api.w.org\/{rel}","templated":true}]}}