{"id":280,"date":"2025-02-06T10:07:53","date_gmt":"2025-02-06T02:07:53","guid":{"rendered":"http:\/\/www.cnvicast.com\/?page_id=280"},"modified":"2025-09-15T16:54:50","modified_gmt":"2025-09-15T08:54:50","slug":"sustainability","status":"publish","type":"page","link":"https:\/\/www.cnvicast.com\/es\/about-us\/sustainability\/","title":{"rendered":"Sostenibilidad"},"content":{"rendered":"<div data-elementor-type=\"wp-page\" data-elementor-id=\"280\" class=\"elementor elementor-280\" data-elementor-post-type=\"page\">\n\t\t\t\t\t\t<section class=\"elementor-section elementor-top-section elementor-element elementor-element-46129682 elementor-section-full_width elementor-section-height-default elementor-section-height-default\" data-id=\"46129682\" data-element_type=\"section\" data-e-type=\"section\">\n\t\t\t\t\t\t<div class=\"elementor-container elementor-column-gap-default\">\n\t\t\t\t\t<div class=\"elementor-column elementor-col-100 elementor-top-column elementor-element elementor-element-7a506e7\" data-id=\"7a506e7\" data-element_type=\"column\" data-e-type=\"column\">\n\t\t\t<div class=\"elementor-widget-wrap elementor-element-populated\">\n\t\t\t\t\t\t<section class=\"elementor-section elementor-inner-section elementor-element elementor-element-1ddde80c elementor-section-full_width animated-fast elementor-section-height-default elementor-section-height-default\" data-id=\"1ddde80c\" data-element_type=\"section\" data-e-type=\"section\" data-settings=\"{&quot;animation&quot;:&quot;none&quot;}\">\n\t\t\t\t\t\t<div class=\"elementor-container elementor-column-gap-default\">\n\t\t\t\t\t<div class=\"elementor-column elementor-col-100 elementor-inner-column elementor-element elementor-element-7d499a6a\" data-id=\"7d499a6a\" data-element_type=\"column\" data-e-type=\"column\">\n\t\t\t<div class=\"elementor-widget-wrap elementor-element-populated\">\n\t\t\t\t\t\t<div class=\"elementor-element elementor-element-50a66ae elementor-widget-laptop__width-initial elementor--h-position-center elementor--v-position-middle elementor-arrows-position-inside elementor-pagination-position-inside elementor-widget elementor-widget-slides\" data-id=\"50a66ae\" data-element_type=\"widget\" data-e-type=\"widget\" data-settings=\"{&quot;navigation&quot;:&quot;both&quot;,&quot;autoplay&quot;:&quot;yes&quot;,&quot;pause_on_hover&quot;:&quot;yes&quot;,&quot;pause_on_interaction&quot;:&quot;yes&quot;,&quot;autoplay_speed&quot;:5000,&quot;infinite&quot;:&quot;yes&quot;,&quot;transition&quot;:&quot;slide&quot;,&quot;transition_speed&quot;:500}\" data-widget_type=\"slides.default\">\n\t\t\t\t<div class=\"elementor-widget-container\">\n\t\t\t\t\t\t\t\t\t<div class=\"elementor-swiper\">\n\t\t\t\t\t<div class=\"elementor-slides-wrapper elementor-main-swiper swiper\" role=\"region\" aria-roledescription=\"carousel\" aria-label=\"Diapositivas\" dir=\"ltr\" data-animation=\"fadeInUp\">\n\t\t\t\t<div class=\"swiper-wrapper elementor-slides\">\n\t\t\t\t\t\t\t\t\t\t<div class=\"elementor-repeater-item-0a00500 swiper-slide\" role=\"group\" aria-roledescription=\"slide\"><div class=\"swiper-slide-bg\" role=\"img\"><\/div><div class=\"swiper-slide-inner\" ><div class=\"swiper-slide-contents\"><\/div><\/div><\/div>\t\t\t\t<\/div>\n\t\t\t\t\t\t\t<\/div>\n\t\t\t\t<\/div>\n\t\t\t\t\t\t\t\t<\/div>\n\t\t\t\t<\/div>\n\t\t\t\t<div class=\"elementor-element elementor-element-4fb92ce elementor-absolute elementor-widget elementor-widget-heading\" data-id=\"4fb92ce\" data-element_type=\"widget\" data-e-type=\"widget\" data-settings=\"{&quot;_position&quot;:&quot;absolute&quot;}\" data-widget_type=\"heading.default\">\n\t\t\t\t<div class=\"elementor-widget-container\">\n\t\t\t\t\t<h1 class=\"elementor-heading-title elementor-size-default\">Sostenibilidad<\/h1>\t\t\t\t<\/div>\n\t\t\t\t<\/div>\n\t\t\t\t\t<\/div>\n\t\t<\/div>\n\t\t\t\t\t<\/div>\n\t\t<\/section>\n\t\t\t\t\t<\/div>\n\t\t<\/div>\n\t\t\t\t\t<\/div>\n\t\t<\/section>\n\t\t\t\t<section class=\"elementor-section elementor-top-section elementor-element elementor-element-3b818f03 elementor-section-boxed elementor-section-height-default elementor-section-height-default\" data-id=\"3b818f03\" data-element_type=\"section\" data-e-type=\"section\">\n\t\t\t\t\t\t<div class=\"elementor-container elementor-column-gap-default\">\n\t\t\t\t\t<div class=\"elementor-column elementor-col-100 elementor-top-column elementor-element elementor-element-1c211bb8\" data-id=\"1c211bb8\" data-element_type=\"column\" data-e-type=\"column\">\n\t\t\t<div class=\"elementor-widget-wrap elementor-element-populated\">\n\t\t\t\t\t\t<section class=\"elementor-section elementor-inner-section elementor-element elementor-element-3cd46159 elementor-section-full_width animated-fast elementor-section-height-default elementor-section-height-default\" data-id=\"3cd46159\" data-element_type=\"section\" data-e-type=\"section\" data-settings=\"{&quot;animation&quot;:&quot;none&quot;}\">\n\t\t\t\t\t\t<div class=\"elementor-container elementor-column-gap-default\">\n\t\t\t\t\t<div class=\"elementor-column elementor-col-100 elementor-inner-column elementor-element elementor-element-2a9e5e56\" data-id=\"2a9e5e56\" data-element_type=\"column\" data-e-type=\"column\">\n\t\t\t<div class=\"elementor-widget-wrap elementor-element-populated\">\n\t\t\t\t\t\t<div class=\"elementor-element elementor-element-2ce6383 elementor-widget elementor-widget-heading\" data-id=\"2ce6383\" data-element_type=\"widget\" data-e-type=\"widget\" data-widget_type=\"heading.default\">\n\t\t\t\t<div class=\"elementor-widget-container\">\n\t\t\t\t\t<h2 class=\"elementor-heading-title elementor-size-default\">Materiales reciclados<\/h2>\t\t\t\t<\/div>\n\t\t\t\t<\/div>\n\t\t\t\t<div class=\"elementor-element elementor-element-baefa5b elementor-widget elementor-widget-text-editor\" data-id=\"baefa5b\" data-element_type=\"widget\" data-e-type=\"widget\" data-widget_type=\"text-editor.default\">\n\t\t\t\t<div class=\"elementor-widget-container\">\n\t\t\t\t\t\t\t\t\t<p>Mientras que la mayor parte del acero producido hoy en d\u00eda proviene de mineral de hierro extra\u00eddo, el ciclo de vida de un producto Vicast comienza en el astillero de chatarra. Es decir, no&#8217; t simplemente comprar lo que sea &#8220; desechos&#8221; est\u00e1 disponible; Proveemos grados espec\u00edficos de chatarra de acero y, dependiendo de su disponibilidad, nuestros productos de hierro d\u00factil est\u00e1n hechos de hasta un 98% de material reciclado. Debido a que utilizamos material reciclado en lugar de mineral de hierro virgen, el contenido de carbono de nuestros productos es inherentemente mucho menor.<br \/>Estamos orgullosos de ofrecer productos hechos de materiales reciclados que pueden ser reciclados casi completamente de vuelta a su estado original.<br \/>La econom\u00eda circular prioriza los materiales reciclados sobre las materias primas: las soluciones est\u00e1n dise\u00f1adas para minimizar o eliminar los residuos, y el producto final puede ser reutilizado, reciclado o reutilizado.<\/p>\t\t\t\t\t\t\t\t<\/div>\n\t\t\t\t<\/div>\n\t\t\t\t\t<\/div>\n\t\t<\/div>\n\t\t\t\t\t<\/div>\n\t\t<\/section>\n\t\t\t\t\t<\/div>\n\t\t<\/div>\n\t\t\t\t\t<\/div>\n\t\t<\/section>\n\t\t\t\t<section class=\"elementor-section elementor-top-section elementor-element elementor-element-2caa1dc elementor-section-boxed elementor-section-height-default elementor-section-height-default\" data-id=\"2caa1dc\" data-element_type=\"section\" data-e-type=\"section\">\n\t\t\t\t\t\t<div class=\"elementor-container elementor-column-gap-default\">\n\t\t\t\t\t<div class=\"elementor-column elementor-col-100 elementor-top-column elementor-element elementor-element-2ceac9e\" data-id=\"2ceac9e\" data-element_type=\"column\" data-e-type=\"column\">\n\t\t\t<div class=\"elementor-widget-wrap elementor-element-populated\">\n\t\t\t\t\t\t<section class=\"elementor-section elementor-inner-section elementor-element elementor-element-7ed4b0f elementor-section-full_width animated-fast elementor-section-height-default elementor-section-height-default\" data-id=\"7ed4b0f\" data-element_type=\"section\" data-e-type=\"section\" data-settings=\"{&quot;animation&quot;:&quot;none&quot;}\">\n\t\t\t\t\t\t<div class=\"elementor-container elementor-column-gap-default\">\n\t\t\t\t\t<div class=\"elementor-column elementor-col-100 elementor-inner-column elementor-element elementor-element-48ee1a3\" data-id=\"48ee1a3\" data-element_type=\"column\" data-e-type=\"column\">\n\t\t\t<div class=\"elementor-widget-wrap elementor-element-populated\">\n\t\t\t\t\t\t<div class=\"elementor-element elementor-element-e64f2da elementor-widget elementor-widget-heading\" data-id=\"e64f2da\" data-element_type=\"widget\" data-e-type=\"widget\" data-widget_type=\"heading.default\">\n\t\t\t\t<div class=\"elementor-widget-container\">\n\t\t\t\t\t<h2 class=\"elementor-heading-title elementor-size-default\">AGUA<\/h2>\t\t\t\t<\/div>\n\t\t\t\t<\/div>\n\t\t\t\t<div class=\"elementor-element elementor-element-a0472c1 elementor-widget elementor-widget-text-editor\" data-id=\"a0472c1\" data-element_type=\"widget\" data-e-type=\"widget\" data-widget_type=\"text-editor.default\">\n\t\t\t\t<div class=\"elementor-widget-container\">\n\t\t\t\t\t\t\t\t\t<p>Debido a la naturaleza de la industria de la fundici\u00f3n de metales y el dise\u00f1o de nuestras fundiciones, el agua no es la entrada o salida m\u00e1s significativa de nuestra fabricaci\u00f3n o operaciones. Vicast&#8217; El uso de agua de nuestras plantas se correlaciona positivamente con el n\u00famero de empleados en cada planta, lo que significa que la mayor\u00eda de nuestro uso de agua proviene de instalaciones esenciales de empleados.<br \/>Todas nuestras plantas extraen agua de tuber\u00edas urbanas. Todas las aguas residuales son pretratadas en el sitio y probadas a intervalos para cualquier no conformidad antes de la descarga a una planta de tratamiento de aguas residuales apropiada para cumplir con los requisitos regulatorios locales. Cumplimos con todos los est\u00e1ndares regulatorios locales y regionales aplicables para la calidad de la descarga de aguas residuales.<\/p>\t\t\t\t\t\t\t\t<\/div>\n\t\t\t\t<\/div>\n\t\t\t\t\t<\/div>\n\t\t<\/div>\n\t\t\t\t\t<\/div>\n\t\t<\/section>\n\t\t\t\t\t<\/div>\n\t\t<\/div>\n\t\t\t\t\t<\/div>\n\t\t<\/section>\n\t\t\t\t<section class=\"elementor-section elementor-top-section elementor-element elementor-element-cedabbc elementor-section-boxed elementor-section-height-default elementor-section-height-default\" data-id=\"cedabbc\" data-element_type=\"section\" data-e-type=\"section\">\n\t\t\t\t\t\t<div class=\"elementor-container elementor-column-gap-default\">\n\t\t\t\t\t<div class=\"elementor-column elementor-col-100 elementor-top-column elementor-element elementor-element-760cef1\" data-id=\"760cef1\" data-element_type=\"column\" data-e-type=\"column\">\n\t\t\t<div class=\"elementor-widget-wrap elementor-element-populated\">\n\t\t\t\t\t\t<section class=\"elementor-section elementor-inner-section elementor-element elementor-element-7dd97f8 elementor-section-full_width animated-fast elementor-section-height-default elementor-section-height-default\" data-id=\"7dd97f8\" data-element_type=\"section\" data-e-type=\"section\" data-settings=\"{&quot;animation&quot;:&quot;none&quot;}\">\n\t\t\t\t\t\t<div class=\"elementor-container elementor-column-gap-default\">\n\t\t\t\t\t<div class=\"elementor-column elementor-col-100 elementor-inner-column elementor-element elementor-element-52df52b\" data-id=\"52df52b\" data-element_type=\"column\" data-e-type=\"column\">\n\t\t\t<div class=\"elementor-widget-wrap elementor-element-populated\">\n\t\t\t\t\t\t<div class=\"elementor-element elementor-element-dcae0be elementor-widget elementor-widget-heading\" data-id=\"dcae0be\" data-element_type=\"widget\" data-e-type=\"widget\" data-widget_type=\"heading.default\">\n\t\t\t\t<div class=\"elementor-widget-container\">\n\t\t\t\t\t<h2 class=\"elementor-heading-title elementor-size-default\">EMISIONES A\u00c9RICAS<\/h2>\t\t\t\t<\/div>\n\t\t\t\t<\/div>\n\t\t\t\t<div class=\"elementor-element elementor-element-08b07f0 elementor-widget elementor-widget-text-editor\" data-id=\"08b07f0\" data-element_type=\"widget\" data-e-type=\"widget\" data-widget_type=\"text-editor.default\">\n\t\t\t\t<div class=\"elementor-widget-container\">\n\t\t\t\t\t\t\t\t\t<p>Antes de que cualquier producto qu\u00edmico o material se considere para su uso o se lleve a una instalaci\u00f3n de Victaulic, primero se eval\u00faa su potencial de emisiones (PTE). La evaluaci\u00f3n del PTE examinar\u00e1 el potencial de emisiones de \u00f3xidos de nitr\u00f3geno (NOx), \u00f3xidos de azufre (S0x), contaminantes org\u00e1nicos persistentes (COP), compuestos org\u00e1nicos vol\u00e1tiles (COV), contaminantes atmosf\u00e9ricos peligrosos (HAP), part\u00edculas (PM) y otras categor\u00edas est\u00e1ndar de emisiones al aire identificadas en las regulaciones pertinentes. Las emisiones atmosf\u00e9ricas se controlan y informan de acuerdo con los requisitos reglamentarios nacionales. Si se requieren sustancias que agotan el ozono para la producci\u00f3n, estas sustancias ser\u00e1n monitoreadas e informadas de acuerdo con los requisitos reglamentarios nacionales respectivos.<\/p>\t\t\t\t\t\t\t\t<\/div>\n\t\t\t\t<\/div>\n\t\t\t\t\t<\/div>\n\t\t<\/div>\n\t\t\t\t\t<\/div>\n\t\t<\/section>\n\t\t\t\t\t<\/div>\n\t\t<\/div>\n\t\t\t\t\t<\/div>\n\t\t<\/section>\n\t\t\t\t<\/div>","protected":false},"excerpt":{"rendered":"<p>Sustainability RECYCLED MATERIALS While most of the steel produced today comes from mined iron ore, the life cycle of a Vicast product begins at the scrap yard. That is, we don&#8217;t just buy whatever &#8220;scrap&#8221; is available; we source specific grades of scrap steel and, depending on its availability, our ductile iron products are made [&hellip;]<\/p>\n","protected":false},"author":1,"featured_media":0,"parent":20,"menu_order":0,"comment_status":"closed","ping_status":"closed","template":"elementor_header_footer","meta":{"footnotes":""},"class_list":["post-280","page","type-page","status-publish","hentry"],"_links":{"self":[{"href":"https:\/\/www.cnvicast.com\/es\/wp-json\/wp\/v2\/pages\/280","targetHints":{"allow":["GET"]}}],"collection":[{"href":"https:\/\/www.cnvicast.com\/es\/wp-json\/wp\/v2\/pages"}],"about":[{"href":"https:\/\/www.cnvicast.com\/es\/wp-json\/wp\/v2\/types\/page"}],"author":[{"embeddable":true,"href":"https:\/\/www.cnvicast.com\/es\/wp-json\/wp\/v2\/users\/1"}],"replies":[{"embeddable":true,"href":"https:\/\/www.cnvicast.com\/es\/wp-json\/wp\/v2\/comments?post=280"}],"version-history":[{"count":23,"href":"https:\/\/www.cnvicast.com\/es\/wp-json\/wp\/v2\/pages\/280\/revisions"}],"predecessor-version":[{"id":1506,"href":"https:\/\/www.cnvicast.com\/es\/wp-json\/wp\/v2\/pages\/280\/revisions\/1506"}],"up":[{"embeddable":true,"href":"https:\/\/www.cnvicast.com\/es\/wp-json\/wp\/v2\/pages\/20"}],"wp:attachment":[{"href":"https:\/\/www.cnvicast.com\/es\/wp-json\/wp\/v2\/media?parent=280"}],"curies":[{"name":"wp","href":"https:\/\/api.w.org\/{rel}","templated":true}]}}