{"id":1059,"date":"2025-03-04T17:36:54","date_gmt":"2025-03-04T09:36:54","guid":{"rendered":"https:\/\/www.cnvicast.com\/?post_type=product&#038;p=1059"},"modified":"2025-03-04T17:36:55","modified_gmt":"2025-03-04T09:36:55","slug":"vicast-flexible-grooved-pipe-fitting-coupling","status":"publish","type":"product","link":"https:\/\/www.cnvicast.com\/de\/product\/vicast-flexible-grooved-pipe-fitting-coupling\/","title":{"rendered":"VICAST flexible Rillenrohrverbindungskupplung"},"content":{"rendered":"<p>Produkteinf\u00fchrung<\/p>\n<p>Der XGQT02<\/p>\n<p>Unsere Flexible Coupling bietet eine robuste und effiziente L\u00f6sung f\u00fcr den Anschluss von Rohren in einer Vielzahl von Anwendungen, einschlie\u00dflich HVAC, Brandschutz und Industriesystemen.<\/p>\n<p>Diese Kupplung ist f\u00fcr Langlebigkeit und einfache Installation konzipiert und gew\u00e4hrleistet eine leckdichte, sichere Passform, die hohen Druck- und Temperaturbedingungen standh\u00e4lt.<\/p>\n<p>Mit seinem pr\u00e4zisen Design und seiner \u00fcberlegenen Materialqualit\u00e4t ist unsere starre Rillenkupplung die ideale Wahl f\u00fcr jedes Projekt, das Festigkeit, Zuverl\u00e4ssigkeit und langlebige Leistung fordert.<\/p>","protected":false},"excerpt":{"rendered":"<p>Vicast<sup>\u00ae<\/sup>Flexible Kupplung<\/p>\n<p>Der XGQT02<\/p>\n<p><strong>Gr\u00f6\u00dfenbereich<\/strong><strong>\uff1a1 \u2013 12&#8243;  \/ DN25 - DN300<\/strong><\/p>\n<p>Temperaturbereich: -20oF bis 180oF\/-29oC bis 82oC.<\/p>\n<p>Materialstandard:<\/p>\n<p>ASTM A536, Klasse 65-45-12,<\/p>\n<p>ASTM A395, Klasse 65-45-15<\/p>\n<p>Konstruktionsstandard: ISO6182, AWWA C606, GB 5135.11<\/p>","protected":false},"featured_media":1063,"comment_status":"open","ping_status":"closed","template":"","meta":[],"product_brand":[],"product_cat":[58,26],"product_tag":[],"class_list":{"0":"post-1059","1":"product","2":"type-product","3":"status-publish","4":"has-post-thumbnail","6":"product_cat-flexible-grooved-pipe-fitting-coupling","7":"product_cat-grooved-pipe-fitting-coupling","9":"first","10":"instock","11":"shipping-taxable","12":"product-type-simple"},"_links":{"self":[{"href":"https:\/\/www.cnvicast.com\/de\/wp-json\/wp\/v2\/product\/1059","targetHints":{"allow":["GET"]}}],"collection":[{"href":"https:\/\/www.cnvicast.com\/de\/wp-json\/wp\/v2\/product"}],"about":[{"href":"https:\/\/www.cnvicast.com\/de\/wp-json\/wp\/v2\/types\/product"}],"replies":[{"embeddable":true,"href":"https:\/\/www.cnvicast.com\/de\/wp-json\/wp\/v2\/comments?post=1059"}],"wp:featuredmedia":[{"embeddable":true,"href":"https:\/\/www.cnvicast.com\/de\/wp-json\/wp\/v2\/media\/1063"}],"wp:attachment":[{"href":"https:\/\/www.cnvicast.com\/de\/wp-json\/wp\/v2\/media?parent=1059"}],"wp:term":[{"taxonomy":"product_brand","embeddable":true,"href":"https:\/\/www.cnvicast.com\/de\/wp-json\/wp\/v2\/product_brand?post=1059"},{"taxonomy":"product_cat","embeddable":true,"href":"https:\/\/www.cnvicast.com\/de\/wp-json\/wp\/v2\/product_cat?post=1059"},{"taxonomy":"product_tag","embeddable":true,"href":"https:\/\/www.cnvicast.com\/de\/wp-json\/wp\/v2\/product_tag?post=1059"}],"curies":[{"name":"wp","href":"https:\/\/api.w.org\/{rel}","templated":true}]}}