{"id":282,"date":"2025-02-06T10:08:40","date_gmt":"2025-02-06T02:08:40","guid":{"rendered":"http:\/\/www.cnvicast.com\/?page_id=282"},"modified":"2025-09-15T16:58:03","modified_gmt":"2025-09-15T08:58:03","slug":"humanistic-concern","status":"publish","type":"page","link":"https:\/\/www.cnvicast.com\/de\/about-us\/humanistic-concern\/","title":{"rendered":"Humanistische Sorge"},"content":{"rendered":"<div data-elementor-type=\"wp-page\" data-elementor-id=\"282\" class=\"elementor elementor-282\" data-elementor-post-type=\"page\">\n\t\t\t\t\t\t<section class=\"elementor-section elementor-top-section elementor-element elementor-element-cdab499 elementor-section-full_width elementor-section-height-default elementor-section-height-default\" data-id=\"cdab499\" data-element_type=\"section\" data-e-type=\"section\">\n\t\t\t\t\t\t<div class=\"elementor-container elementor-column-gap-default\">\n\t\t\t\t\t<div class=\"elementor-column elementor-col-100 elementor-top-column elementor-element elementor-element-608b616a\" data-id=\"608b616a\" data-element_type=\"column\" data-e-type=\"column\">\n\t\t\t<div class=\"elementor-widget-wrap elementor-element-populated\">\n\t\t\t\t\t\t<section class=\"elementor-section elementor-inner-section elementor-element elementor-element-9e44c08 elementor-section-full_width animated-fast elementor-section-height-default elementor-section-height-default\" data-id=\"9e44c08\" data-element_type=\"section\" data-e-type=\"section\" data-settings=\"{&quot;animation&quot;:&quot;none&quot;}\">\n\t\t\t\t\t\t<div class=\"elementor-container elementor-column-gap-default\">\n\t\t\t\t\t<div class=\"elementor-column elementor-col-100 elementor-inner-column elementor-element elementor-element-587df8ed\" data-id=\"587df8ed\" data-element_type=\"column\" data-e-type=\"column\">\n\t\t\t<div class=\"elementor-widget-wrap elementor-element-populated\">\n\t\t\t\t\t\t<div class=\"elementor-element elementor-element-2ac6ed7 elementor--h-position-center elementor--v-position-middle elementor-arrows-position-inside elementor-pagination-position-inside elementor-widget elementor-widget-slides\" data-id=\"2ac6ed7\" data-element_type=\"widget\" data-e-type=\"widget\" data-settings=\"{&quot;navigation&quot;:&quot;both&quot;,&quot;autoplay&quot;:&quot;yes&quot;,&quot;pause_on_hover&quot;:&quot;yes&quot;,&quot;pause_on_interaction&quot;:&quot;yes&quot;,&quot;autoplay_speed&quot;:5000,&quot;infinite&quot;:&quot;yes&quot;,&quot;transition&quot;:&quot;slide&quot;,&quot;transition_speed&quot;:500}\" data-widget_type=\"slides.default\">\n\t\t\t\t<div class=\"elementor-widget-container\">\n\t\t\t\t\t\t\t\t\t<div class=\"elementor-swiper\">\n\t\t\t\t\t<div class=\"elementor-slides-wrapper elementor-main-swiper swiper\" role=\"region\" aria-roledescription=\"carousel\" aria-label=\"Folien\" dir=\"ltr\" data-animation=\"fadeInUp\">\n\t\t\t\t<div class=\"swiper-wrapper elementor-slides\">\n\t\t\t\t\t\t\t\t\t\t<div class=\"elementor-repeater-item-6ca7938 swiper-slide\" role=\"group\" aria-roledescription=\"slide\"><div class=\"swiper-slide-bg\" role=\"img\"><\/div><div class=\"swiper-slide-inner\" ><div class=\"swiper-slide-contents\"><\/div><\/div><\/div>\t\t\t\t<\/div>\n\t\t\t\t\t\t\t<\/div>\n\t\t\t\t<\/div>\n\t\t\t\t\t\t\t\t<\/div>\n\t\t\t\t<\/div>\n\t\t\t\t<div class=\"elementor-element elementor-element-79a18c7 elementor-absolute elementor-widget elementor-widget-heading\" data-id=\"79a18c7\" data-element_type=\"widget\" data-e-type=\"widget\" data-settings=\"{&quot;_position&quot;:&quot;absolute&quot;}\" data-widget_type=\"heading.default\">\n\t\t\t\t<div class=\"elementor-widget-container\">\n\t\t\t\t\t<h1 class=\"elementor-heading-title elementor-size-default\">Humanistische Sorge<\/h1>\t\t\t\t<\/div>\n\t\t\t\t<\/div>\n\t\t\t\t\t<\/div>\n\t\t<\/div>\n\t\t\t\t\t<\/div>\n\t\t<\/section>\n\t\t\t\t\t<\/div>\n\t\t<\/div>\n\t\t\t\t\t<\/div>\n\t\t<\/section>\n\t\t\t\t<section class=\"elementor-section elementor-top-section elementor-element elementor-element-7ef53bd8 elementor-section-boxed elementor-section-height-default elementor-section-height-default\" data-id=\"7ef53bd8\" data-element_type=\"section\" data-e-type=\"section\">\n\t\t\t\t\t\t<div class=\"elementor-container elementor-column-gap-default\">\n\t\t\t\t\t<div class=\"elementor-column elementor-col-100 elementor-top-column elementor-element elementor-element-140ebc53\" data-id=\"140ebc53\" data-element_type=\"column\" data-e-type=\"column\">\n\t\t\t<div class=\"elementor-widget-wrap elementor-element-populated\">\n\t\t\t\t\t\t<section class=\"elementor-section elementor-inner-section elementor-element elementor-element-1c6fbcdc elementor-section-full_width animated-fast elementor-section-height-default elementor-section-height-default\" data-id=\"1c6fbcdc\" data-element_type=\"section\" data-e-type=\"section\" data-settings=\"{&quot;animation&quot;:&quot;none&quot;}\">\n\t\t\t\t\t\t<div class=\"elementor-container elementor-column-gap-default\">\n\t\t\t\t\t<div class=\"elementor-column elementor-col-100 elementor-inner-column elementor-element elementor-element-665ba47d\" data-id=\"665ba47d\" data-element_type=\"column\" data-e-type=\"column\">\n\t\t\t<div class=\"elementor-widget-wrap elementor-element-populated\">\n\t\t\t\t\t\t<div class=\"elementor-element elementor-element-c497899 elementor-widget elementor-widget-heading\" data-id=\"c497899\" data-element_type=\"widget\" data-e-type=\"widget\" data-widget_type=\"heading.default\">\n\t\t\t\t<div class=\"elementor-widget-container\">\n\t\t\t\t\t<h2 class=\"elementor-heading-title elementor-size-default\">Entwicklung des menschlichen Kapitals:\nDie Grundlage des Wachstums von Vicast<\/h2>\t\t\t\t<\/div>\n\t\t\t\t<\/div>\n\t\t\t\t<div class=\"elementor-element elementor-element-b86c5f5 elementor-widget elementor-widget-text-editor\" data-id=\"b86c5f5\" data-element_type=\"widget\" data-e-type=\"widget\" data-widget_type=\"text-editor.default\">\n\t\t\t\t<div class=\"elementor-widget-container\">\n\t\t\t\t\t\t\t\t\t<p>Bei Vicast sind wir fest davon \u00fcberzeugt, dass das Talent, die Vielfalt und der Antrieb unserer Mitarbeiter die Kernkr\u00e4fte sind, die unser Unternehmen vorantreiben. Um uns auf zuk\u00fcnftige Herausforderungen vorzubereiten, investieren wir aktiv in die Karriereentwicklung und f\u00f6rdern eine vielf\u00e4ltige und qualifizierte Belegschaft, um sicherzustellen, dass unsere Organisation an der Spitze der Branche bleibt.<\/p>\t\t\t\t\t\t\t\t<\/div>\n\t\t\t\t<\/div>\n\t\t\t\t\t<\/div>\n\t\t<\/div>\n\t\t\t\t\t<\/div>\n\t\t<\/section>\n\t\t\t\t\t<\/div>\n\t\t<\/div>\n\t\t\t\t\t<\/div>\n\t\t<\/section>\n\t\t\t\t<section class=\"elementor-section elementor-top-section elementor-element elementor-element-532851f8 elementor-section-boxed elementor-section-height-default elementor-section-height-default\" data-id=\"532851f8\" data-element_type=\"section\" data-e-type=\"section\">\n\t\t\t\t\t\t<div class=\"elementor-container elementor-column-gap-default\">\n\t\t\t\t\t<div class=\"elementor-column elementor-col-100 elementor-top-column elementor-element elementor-element-684316dc\" data-id=\"684316dc\" data-element_type=\"column\" data-e-type=\"column\">\n\t\t\t<div class=\"elementor-widget-wrap elementor-element-populated\">\n\t\t\t\t\t\t<section class=\"elementor-section elementor-inner-section elementor-element elementor-element-700b513b elementor-section-full_width animated-fast elementor-section-height-default elementor-section-height-default\" data-id=\"700b513b\" data-element_type=\"section\" data-e-type=\"section\" data-settings=\"{&quot;animation&quot;:&quot;none&quot;}\">\n\t\t\t\t\t\t<div class=\"elementor-container elementor-column-gap-default\">\n\t\t\t\t\t<div class=\"elementor-column elementor-col-100 elementor-inner-column elementor-element elementor-element-55fef45d\" data-id=\"55fef45d\" data-element_type=\"column\" data-e-type=\"column\">\n\t\t\t<div class=\"elementor-widget-wrap elementor-element-populated\">\n\t\t\t\t\t\t<div class=\"elementor-element elementor-element-f7e8735 elementor-widget elementor-widget-heading\" data-id=\"f7e8735\" data-element_type=\"widget\" data-e-type=\"widget\" data-widget_type=\"heading.default\">\n\t\t\t\t<div class=\"elementor-widget-container\">\n\t\t\t\t\t<h2 class=\"elementor-heading-title elementor-size-default\">Zukunftsorientierte Talentinvestitionen<\/h2>\t\t\t\t<\/div>\n\t\t\t\t<\/div>\n\t\t\t\t<div class=\"elementor-element elementor-element-8cf7929 elementor-widget elementor-widget-text-editor\" data-id=\"8cf7929\" data-element_type=\"widget\" data-e-type=\"widget\" data-widget_type=\"text-editor.default\">\n\t\t\t\t<div class=\"elementor-widget-container\">\n\t\t\t\t\t\t\t\t\t<p>Wir glauben, dass Investitionen in unsere Mitarbeiter&#8217; Entwicklung ist unerl\u00e4sslich, um die au\u00dfergew\u00f6hnlichen F\u00fchrungskr\u00e4fte von morgen anzuziehen, zu halten und zu kultivieren, es ist auch der Schl\u00fcssel zum Aufbau einer starken, vielf\u00e4ltigen Talentpipeline. Vicast&#8217; Der Erfolg des Unternehmens h\u00e4ngt davon ab, ein Umfeld zu schaffen, in dem jeder Mitarbeiter die M\u00f6glichkeit hat, sein volles Potenzial freizusetzen und seine beruflichen Anspr\u00fcche zu erreichen.<\/p>\t\t\t\t\t\t\t\t<\/div>\n\t\t\t\t<\/div>\n\t\t\t\t<div class=\"elementor-element elementor-element-8fe19d3 elementor-widget elementor-widget-text-editor\" data-id=\"8fe19d3\" data-element_type=\"widget\" data-e-type=\"widget\" data-widget_type=\"text-editor.default\">\n\t\t\t\t<div class=\"elementor-widget-container\">\n\t\t\t\t\t\t\t\t\t<p>Um dies zu erreichen, setzen wir folgende Ziele im Vordergrund:<\/p>\t\t\t\t\t\t\t\t<\/div>\n\t\t\t\t<\/div>\n\t\t\t\t<div class=\"elementor-element elementor-element-5e7812a elementor-icon-list--layout-traditional elementor-list-item-link-full_width elementor-widget elementor-widget-icon-list\" data-id=\"5e7812a\" data-element_type=\"widget\" data-e-type=\"widget\" data-widget_type=\"icon-list.default\">\n\t\t\t\t<div class=\"elementor-widget-container\">\n\t\t\t\t\t\t\t<ul class=\"elementor-icon-list-items\">\n\t\t\t\t\t\t\t<li class=\"elementor-icon-list-item\">\n\t\t\t\t\t\t\t\t\t\t\t<span class=\"elementor-icon-list-icon\">\n\t\t\t\t\t\t\t<svg aria-hidden=\"true\" class=\"e-font-icon-svg e-fas-circle\" viewbox=\"0 0 512 512\" xmlns=\"http:\/\/www.w3.org\/2000\/svg\"><path d=\"M256 8C119 8 8 119 8 256s111 248 248 248 248-111 248-248S393 8 256 8z\"><\/path><\/svg>\t\t\t\t\t\t<\/span>\n\t\t\t\t\t\t\t\t\t\t<span class=\"elementor-icon-list-text\">Eine vielf\u00e4ltige Pipeline von leistungsstarken F\u00fchrungskr\u00e4ften zu kultivieren, um das Gesch\u00e4ftswachstum zu f\u00f6rdern;<\/span>\n\t\t\t\t\t\t\t\t\t<\/li>\n\t\t\t\t\t\t\t\t<li class=\"elementor-icon-list-item\">\n\t\t\t\t\t\t\t\t\t\t\t<span class=\"elementor-icon-list-icon\">\n\t\t\t\t\t\t\t<svg aria-hidden=\"true\" class=\"e-font-icon-svg e-fas-circle\" viewbox=\"0 0 512 512\" xmlns=\"http:\/\/www.w3.org\/2000\/svg\"><path d=\"M256 8C119 8 8 119 8 256s111 248 248 248 248-111 248-248S393 8 256 8z\"><\/path><\/svg>\t\t\t\t\t\t<\/span>\n\t\t\t\t\t\t\t\t\t\t<span class=\"elementor-icon-list-text\">Ausr\u00fcstung unserer Organisation mit zukunftsbereiten F\u00e4higkeiten durch relevante Schulungen und praktische Erfahrungen;<\/span>\n\t\t\t\t\t\t\t\t\t<\/li>\n\t\t\t\t\t\t\t\t<li class=\"elementor-icon-list-item\">\n\t\t\t\t\t\t\t\t\t\t\t<span class=\"elementor-icon-list-icon\">\n\t\t\t\t\t\t\t<svg aria-hidden=\"true\" class=\"e-font-icon-svg e-fas-circle\" viewbox=\"0 0 512 512\" xmlns=\"http:\/\/www.w3.org\/2000\/svg\"><path d=\"M256 8C119 8 8 119 8 256s111 248 248 248 248-111 248-248S393 8 256 8z\"><\/path><\/svg>\t\t\t\t\t\t<\/span>\n\t\t\t\t\t\t\t\t\t\t<span class=\"elementor-icon-list-text\">Modernisierung unserer Talent-Identifikations- und Entwicklungsprozesse, um sich an sich entwickelnde Bed\u00fcrfnisse anzupassen;<\/span>\n\t\t\t\t\t\t\t\t\t<\/li>\n\t\t\t\t\t\t\t\t<li class=\"elementor-icon-list-item\">\n\t\t\t\t\t\t\t\t\t\t\t<span class=\"elementor-icon-list-icon\">\n\t\t\t\t\t\t\t<svg aria-hidden=\"true\" class=\"e-font-icon-svg e-fas-circle\" viewbox=\"0 0 512 512\" xmlns=\"http:\/\/www.w3.org\/2000\/svg\"><path d=\"M256 8C119 8 8 119 8 256s111 248 248 248 248-111 248-248S393 8 256 8z\"><\/path><\/svg>\t\t\t\t\t\t<\/span>\n\t\t\t\t\t\t\t\t\t\t<span class=\"elementor-icon-list-text\">Mitarbeiter zu bef\u00e4higen, ihre Karriere zu entwickeln und ihre beruflichen Ziele zu erreichen.<\/span>\n\t\t\t\t\t\t\t\t\t<\/li>\n\t\t\t\t\t\t<\/ul>\n\t\t\t\t\t\t<\/div>\n\t\t\t\t<\/div>\n\t\t\t\t\t<\/div>\n\t\t<\/div>\n\t\t\t\t\t<\/div>\n\t\t<\/section>\n\t\t\t\t\t<\/div>\n\t\t<\/div>\n\t\t\t\t\t<\/div>\n\t\t<\/section>\n\t\t\t\t<section class=\"elementor-section elementor-top-section elementor-element elementor-element-6560571d elementor-section-boxed elementor-section-height-default elementor-section-height-default\" data-id=\"6560571d\" data-element_type=\"section\" data-e-type=\"section\">\n\t\t\t\t\t\t<div class=\"elementor-container elementor-column-gap-default\">\n\t\t\t\t\t<div class=\"elementor-column elementor-col-100 elementor-top-column elementor-element elementor-element-4ba98d10\" data-id=\"4ba98d10\" data-element_type=\"column\" data-e-type=\"column\">\n\t\t\t<div class=\"elementor-widget-wrap elementor-element-populated\">\n\t\t\t\t\t\t<section class=\"elementor-section elementor-inner-section elementor-element elementor-element-339d069c elementor-section-full_width animated-fast elementor-section-height-default elementor-section-height-default\" data-id=\"339d069c\" data-element_type=\"section\" data-e-type=\"section\" data-settings=\"{&quot;animation&quot;:&quot;none&quot;}\">\n\t\t\t\t\t\t<div class=\"elementor-container elementor-column-gap-default\">\n\t\t\t\t\t<div class=\"elementor-column elementor-col-100 elementor-inner-column elementor-element elementor-element-565efd30\" data-id=\"565efd30\" data-element_type=\"column\" data-e-type=\"column\">\n\t\t\t<div class=\"elementor-widget-wrap elementor-element-populated\">\n\t\t\t\t\t\t<div class=\"elementor-element elementor-element-0415513 elementor-widget elementor-widget-heading\" data-id=\"0415513\" data-element_type=\"widget\" data-e-type=\"widget\" data-widget_type=\"heading.default\">\n\t\t\t\t<div class=\"elementor-widget-container\">\n\t\t\t\t\t<h2 class=\"elementor-heading-title elementor-size-default\">LERNEN UND TEAM-KULTUR BEWEIGEND<\/h2>\t\t\t\t<\/div>\n\t\t\t\t<\/div>\n\t\t\t\t<div class=\"elementor-element elementor-element-43eba88 elementor-widget elementor-widget-text-editor\" data-id=\"43eba88\" data-element_type=\"widget\" data-e-type=\"widget\" data-widget_type=\"text-editor.default\">\n\t\t\t\t<div class=\"elementor-widget-container\">\n\t\t\t\t\t\t\t\t\t<p>Um unsere Mitarbeiter kontinuierlich zu verbessern&#8217; berufliche F\u00e4higkeiten und allgemeine Kompetenz, organisieren wir monatlich M\u00f6glichkeiten f\u00fcr externes Lernen. Dazu geh\u00f6ren die Teilnahme an branchenf\u00fchrenden Schulungen, Seminaren und Austauschprogrammen, die den Horizont erweitern und Expertise aufbauen. Diese Initiativen unterst\u00fctzen nicht nur das individuelle Karrierewachstum, sondern st\u00e4rken auch das Unternehmen; allgemeine Wettbewerbsf\u00e4higkeit. Wir sind fest davon \u00fcberzeugt, dass das Wachstum unserer Mitarbeiter die treibende Kraft hinter dem Wachstum von Vicast ist.<\/p><p>Dar\u00fcber hinaus legen wir gro\u00dfen Wert auf die F\u00f6rderung einer positiven Teamkultur. Jeden Monat veranstalten wir eine Vielzahl von Teambuilding-Aktivit\u00e4ten, wie Outdoor-Abenteuer, Themenpartys und Community Service-Veranstaltungen. Diese Aktivit\u00e4ten bieten Mitarbeitern Gelegenheiten, sich zu entspannen, sinnvolle Beziehungen \u00fcber den Arbeitsplatz hinaus aufzubauen und st\u00e4rkere Vertrauensb\u00e4nde zu entwickeln.<br \/>F\u00fcr neue Mitarbeiter sind diese Veranstaltungen besonders wichtig, um sie schnell in die Vicastfamilie zu integrieren, wo sie die W\u00e4rme und Unterst\u00fctzung ihres Teams sp\u00fcren k\u00f6nnen. Bei Vicast sind wir bestrebt, Innovatoren zu inspirieren und zu pflegen, deren Beitr\u00e4ge unseren Erfolg vorantreiben und sinnvolle Innovationen liefern. Auf dieser Plattform voller M\u00f6glichkeiten hat jeder Mitarbeiter die M\u00f6glichkeit, sich zu pr\u00e4gen, w\u00e4hrend wir gemeinsam eine bessere Zukunft bauen.<\/p>\t\t\t\t\t\t\t\t<\/div>\n\t\t\t\t<\/div>\n\t\t\t\t\t<\/div>\n\t\t<\/div>\n\t\t\t\t\t<\/div>\n\t\t<\/section>\n\t\t\t\t\t<\/div>\n\t\t<\/div>\n\t\t\t\t\t<\/div>\n\t\t<\/section>\n\t\t\t\t<\/div>","protected":false},"excerpt":{"rendered":"<p>Humanistic Concern HUMAN CAPITAL DEVELOPMENT: THE FOUNDATION OF VICAST&#8217;S GROWTH At Vicast, we firmly believe that the talent, diversity, and drive of our employees are the core forces propelling our company forward. To prepare for future challenges, we are actively investing in career development, fostering a diverse and skilled workforce to ensure our organization remains [&hellip;]<\/p>\n","protected":false},"author":1,"featured_media":0,"parent":20,"menu_order":0,"comment_status":"closed","ping_status":"closed","template":"elementor_header_footer","meta":{"footnotes":""},"class_list":["post-282","page","type-page","status-publish","hentry"],"_links":{"self":[{"href":"https:\/\/www.cnvicast.com\/de\/wp-json\/wp\/v2\/pages\/282","targetHints":{"allow":["GET"]}}],"collection":[{"href":"https:\/\/www.cnvicast.com\/de\/wp-json\/wp\/v2\/pages"}],"about":[{"href":"https:\/\/www.cnvicast.com\/de\/wp-json\/wp\/v2\/types\/page"}],"author":[{"embeddable":true,"href":"https:\/\/www.cnvicast.com\/de\/wp-json\/wp\/v2\/users\/1"}],"replies":[{"embeddable":true,"href":"https:\/\/www.cnvicast.com\/de\/wp-json\/wp\/v2\/comments?post=282"}],"version-history":[{"count":26,"href":"https:\/\/www.cnvicast.com\/de\/wp-json\/wp\/v2\/pages\/282\/revisions"}],"predecessor-version":[{"id":1508,"href":"https:\/\/www.cnvicast.com\/de\/wp-json\/wp\/v2\/pages\/282\/revisions\/1508"}],"up":[{"embeddable":true,"href":"https:\/\/www.cnvicast.com\/de\/wp-json\/wp\/v2\/pages\/20"}],"wp:attachment":[{"href":"https:\/\/www.cnvicast.com\/de\/wp-json\/wp\/v2\/media?parent=282"}],"curies":[{"name":"wp","href":"https:\/\/api.w.org\/{rel}","templated":true}]}}