{"id":280,"date":"2025-02-06T10:07:53","date_gmt":"2025-02-06T02:07:53","guid":{"rendered":"http:\/\/www.cnvicast.com\/?page_id=280"},"modified":"2025-09-15T16:54:50","modified_gmt":"2025-09-15T08:54:50","slug":"sustainability","status":"publish","type":"page","link":"https:\/\/www.cnvicast.com\/de\/about-us\/sustainability\/","title":{"rendered":"Nachhaltigkeit"},"content":{"rendered":"<div data-elementor-type=\"wp-page\" data-elementor-id=\"280\" class=\"elementor elementor-280\" data-elementor-post-type=\"page\">\n\t\t\t\t\t\t<section class=\"elementor-section elementor-top-section elementor-element elementor-element-46129682 elementor-section-full_width elementor-section-height-default elementor-section-height-default\" data-id=\"46129682\" data-element_type=\"section\" data-e-type=\"section\">\n\t\t\t\t\t\t<div class=\"elementor-container elementor-column-gap-default\">\n\t\t\t\t\t<div class=\"elementor-column elementor-col-100 elementor-top-column elementor-element elementor-element-7a506e7\" data-id=\"7a506e7\" data-element_type=\"column\" data-e-type=\"column\">\n\t\t\t<div class=\"elementor-widget-wrap elementor-element-populated\">\n\t\t\t\t\t\t<section class=\"elementor-section elementor-inner-section elementor-element elementor-element-1ddde80c elementor-section-full_width animated-fast elementor-section-height-default elementor-section-height-default\" data-id=\"1ddde80c\" data-element_type=\"section\" data-e-type=\"section\" data-settings=\"{&quot;animation&quot;:&quot;none&quot;}\">\n\t\t\t\t\t\t<div class=\"elementor-container elementor-column-gap-default\">\n\t\t\t\t\t<div class=\"elementor-column elementor-col-100 elementor-inner-column elementor-element elementor-element-7d499a6a\" data-id=\"7d499a6a\" data-element_type=\"column\" data-e-type=\"column\">\n\t\t\t<div class=\"elementor-widget-wrap elementor-element-populated\">\n\t\t\t\t\t\t<div class=\"elementor-element elementor-element-50a66ae elementor-widget-laptop__width-initial elementor--h-position-center elementor--v-position-middle elementor-arrows-position-inside elementor-pagination-position-inside elementor-widget elementor-widget-slides\" data-id=\"50a66ae\" data-element_type=\"widget\" data-e-type=\"widget\" data-settings=\"{&quot;navigation&quot;:&quot;both&quot;,&quot;autoplay&quot;:&quot;yes&quot;,&quot;pause_on_hover&quot;:&quot;yes&quot;,&quot;pause_on_interaction&quot;:&quot;yes&quot;,&quot;autoplay_speed&quot;:5000,&quot;infinite&quot;:&quot;yes&quot;,&quot;transition&quot;:&quot;slide&quot;,&quot;transition_speed&quot;:500}\" data-widget_type=\"slides.default\">\n\t\t\t\t<div class=\"elementor-widget-container\">\n\t\t\t\t\t\t\t\t\t<div class=\"elementor-swiper\">\n\t\t\t\t\t<div class=\"elementor-slides-wrapper elementor-main-swiper swiper\" role=\"region\" aria-roledescription=\"carousel\" aria-label=\"Folien\" dir=\"ltr\" data-animation=\"fadeInUp\">\n\t\t\t\t<div class=\"swiper-wrapper elementor-slides\">\n\t\t\t\t\t\t\t\t\t\t<div class=\"elementor-repeater-item-0a00500 swiper-slide\" role=\"group\" aria-roledescription=\"slide\"><div class=\"swiper-slide-bg\" role=\"img\"><\/div><div class=\"swiper-slide-inner\" ><div class=\"swiper-slide-contents\"><\/div><\/div><\/div>\t\t\t\t<\/div>\n\t\t\t\t\t\t\t<\/div>\n\t\t\t\t<\/div>\n\t\t\t\t\t\t\t\t<\/div>\n\t\t\t\t<\/div>\n\t\t\t\t<div class=\"elementor-element elementor-element-4fb92ce elementor-absolute elementor-widget elementor-widget-heading\" data-id=\"4fb92ce\" data-element_type=\"widget\" data-e-type=\"widget\" data-settings=\"{&quot;_position&quot;:&quot;absolute&quot;}\" data-widget_type=\"heading.default\">\n\t\t\t\t<div class=\"elementor-widget-container\">\n\t\t\t\t\t<h1 class=\"elementor-heading-title elementor-size-default\">Nachhaltigkeit<\/h1>\t\t\t\t<\/div>\n\t\t\t\t<\/div>\n\t\t\t\t\t<\/div>\n\t\t<\/div>\n\t\t\t\t\t<\/div>\n\t\t<\/section>\n\t\t\t\t\t<\/div>\n\t\t<\/div>\n\t\t\t\t\t<\/div>\n\t\t<\/section>\n\t\t\t\t<section class=\"elementor-section elementor-top-section elementor-element elementor-element-3b818f03 elementor-section-boxed elementor-section-height-default elementor-section-height-default\" data-id=\"3b818f03\" data-element_type=\"section\" data-e-type=\"section\">\n\t\t\t\t\t\t<div class=\"elementor-container elementor-column-gap-default\">\n\t\t\t\t\t<div class=\"elementor-column elementor-col-100 elementor-top-column elementor-element elementor-element-1c211bb8\" data-id=\"1c211bb8\" data-element_type=\"column\" data-e-type=\"column\">\n\t\t\t<div class=\"elementor-widget-wrap elementor-element-populated\">\n\t\t\t\t\t\t<section class=\"elementor-section elementor-inner-section elementor-element elementor-element-3cd46159 elementor-section-full_width animated-fast elementor-section-height-default elementor-section-height-default\" data-id=\"3cd46159\" data-element_type=\"section\" data-e-type=\"section\" data-settings=\"{&quot;animation&quot;:&quot;none&quot;}\">\n\t\t\t\t\t\t<div class=\"elementor-container elementor-column-gap-default\">\n\t\t\t\t\t<div class=\"elementor-column elementor-col-100 elementor-inner-column elementor-element elementor-element-2a9e5e56\" data-id=\"2a9e5e56\" data-element_type=\"column\" data-e-type=\"column\">\n\t\t\t<div class=\"elementor-widget-wrap elementor-element-populated\">\n\t\t\t\t\t\t<div class=\"elementor-element elementor-element-2ce6383 elementor-widget elementor-widget-heading\" data-id=\"2ce6383\" data-element_type=\"widget\" data-e-type=\"widget\" data-widget_type=\"heading.default\">\n\t\t\t\t<div class=\"elementor-widget-container\">\n\t\t\t\t\t<h2 class=\"elementor-heading-title elementor-size-default\">Recyclingmaterialien<\/h2>\t\t\t\t<\/div>\n\t\t\t\t<\/div>\n\t\t\t\t<div class=\"elementor-element elementor-element-baefa5b elementor-widget elementor-widget-text-editor\" data-id=\"baefa5b\" data-element_type=\"widget\" data-e-type=\"widget\" data-widget_type=\"text-editor.default\">\n\t\t\t\t<div class=\"elementor-widget-container\">\n\t\t\t\t\t\t\t\t\t<p>W\u00e4hrend der gr\u00f6\u00dfte Teil des heute produzierten Stahls aus Eisenerz stammt, beginnt der Lebenszyklus eines Vicast-Produkts auf der Schrottwerf. Das hei\u00dft, wir don&#8217; Kaufen Sie alles &#8220; Schrott&#8221; ist verf\u00fcgbar; Wir beschaffen spezifische Sorten von Schrottstahl und, je nach Verf\u00fcgbarkeit, bestehen unsere Produkte aus bis zu 98 % recyceltem Material. Da wir recyceltes Material anstelle von Eisenerz verwenden, ist der Kohlenstoffgehalt unserer Produkte von Natur aus viel niedriger.<br \/>Wir sind stolz darauf, Produkte aus recycelten Materialien anzubieten, die fast vollst\u00e4ndig in ihren urspr\u00fcnglichen Zustand recycelt werden k\u00f6nnen.<br \/>Die Kreislaufwirtschaft setzt recycelte Materialien vor Rohstoffen: L\u00f6sungen sind so konzipiert, dass Abf\u00e4lle minimiert oder eliminiert werden, und das Endprodukt kann wiederverwendet, recycelt oder wiederverwendet werden.<\/p>\t\t\t\t\t\t\t\t<\/div>\n\t\t\t\t<\/div>\n\t\t\t\t\t<\/div>\n\t\t<\/div>\n\t\t\t\t\t<\/div>\n\t\t<\/section>\n\t\t\t\t\t<\/div>\n\t\t<\/div>\n\t\t\t\t\t<\/div>\n\t\t<\/section>\n\t\t\t\t<section class=\"elementor-section elementor-top-section elementor-element elementor-element-2caa1dc elementor-section-boxed elementor-section-height-default elementor-section-height-default\" data-id=\"2caa1dc\" data-element_type=\"section\" data-e-type=\"section\">\n\t\t\t\t\t\t<div class=\"elementor-container elementor-column-gap-default\">\n\t\t\t\t\t<div class=\"elementor-column elementor-col-100 elementor-top-column elementor-element elementor-element-2ceac9e\" data-id=\"2ceac9e\" data-element_type=\"column\" data-e-type=\"column\">\n\t\t\t<div class=\"elementor-widget-wrap elementor-element-populated\">\n\t\t\t\t\t\t<section class=\"elementor-section elementor-inner-section elementor-element elementor-element-7ed4b0f elementor-section-full_width animated-fast elementor-section-height-default elementor-section-height-default\" data-id=\"7ed4b0f\" data-element_type=\"section\" data-e-type=\"section\" data-settings=\"{&quot;animation&quot;:&quot;none&quot;}\">\n\t\t\t\t\t\t<div class=\"elementor-container elementor-column-gap-default\">\n\t\t\t\t\t<div class=\"elementor-column elementor-col-100 elementor-inner-column elementor-element elementor-element-48ee1a3\" data-id=\"48ee1a3\" data-element_type=\"column\" data-e-type=\"column\">\n\t\t\t<div class=\"elementor-widget-wrap elementor-element-populated\">\n\t\t\t\t\t\t<div class=\"elementor-element elementor-element-e64f2da elementor-widget elementor-widget-heading\" data-id=\"e64f2da\" data-element_type=\"widget\" data-e-type=\"widget\" data-widget_type=\"heading.default\">\n\t\t\t\t<div class=\"elementor-widget-container\">\n\t\t\t\t\t<h2 class=\"elementor-heading-title elementor-size-default\">WASSER<\/h2>\t\t\t\t<\/div>\n\t\t\t\t<\/div>\n\t\t\t\t<div class=\"elementor-element elementor-element-a0472c1 elementor-widget elementor-widget-text-editor\" data-id=\"a0472c1\" data-element_type=\"widget\" data-e-type=\"widget\" data-widget_type=\"text-editor.default\">\n\t\t\t\t<div class=\"elementor-widget-container\">\n\t\t\t\t\t\t\t\t\t<p>Aufgrund der Natur der Metallgie\u00dfindustrie und der Gestaltung unserer Gie\u00dfereien ist Wasser nicht der bedeutendste Zu- oder Abfluss aus unserer Herstellung oder unserem Betrieb. Vicast&#8217; Der Wasserverbrauch der Anlage ist positiv mit der Anzahl der Mitarbeiter vor Ort in jedem Werk korreliert, was bedeutet, dass der Gro\u00dfteil unseres Wasserverbrauchs aus wesentlichen Mitarbeitereinrichtungen stammt.<br \/>Alle unsere Anlagen holen Wasser aus Stadtr\u00f6hren ab. Alle Abw\u00e4sser werden vor Ort vorbehandelt und in Abst\u00e4nden auf jegliche Nichtkonformit\u00e4ten vor der Entladung in eine geeignete Abwasseraufbereitungsanlage getestet, um den lokalen regulatorischen Anforderungen zu entsprechen. Wir erf\u00fcllen alle anwendbaren lokalen und regionalen regulatorischen Standards f\u00fcr die Qualit\u00e4t des Abwasseraufflusses.<\/p>\t\t\t\t\t\t\t\t<\/div>\n\t\t\t\t<\/div>\n\t\t\t\t\t<\/div>\n\t\t<\/div>\n\t\t\t\t\t<\/div>\n\t\t<\/section>\n\t\t\t\t\t<\/div>\n\t\t<\/div>\n\t\t\t\t\t<\/div>\n\t\t<\/section>\n\t\t\t\t<section class=\"elementor-section elementor-top-section elementor-element elementor-element-cedabbc elementor-section-boxed elementor-section-height-default elementor-section-height-default\" data-id=\"cedabbc\" data-element_type=\"section\" data-e-type=\"section\">\n\t\t\t\t\t\t<div class=\"elementor-container elementor-column-gap-default\">\n\t\t\t\t\t<div class=\"elementor-column elementor-col-100 elementor-top-column elementor-element elementor-element-760cef1\" data-id=\"760cef1\" data-element_type=\"column\" data-e-type=\"column\">\n\t\t\t<div class=\"elementor-widget-wrap elementor-element-populated\">\n\t\t\t\t\t\t<section class=\"elementor-section elementor-inner-section elementor-element elementor-element-7dd97f8 elementor-section-full_width animated-fast elementor-section-height-default elementor-section-height-default\" data-id=\"7dd97f8\" data-element_type=\"section\" data-e-type=\"section\" data-settings=\"{&quot;animation&quot;:&quot;none&quot;}\">\n\t\t\t\t\t\t<div class=\"elementor-container elementor-column-gap-default\">\n\t\t\t\t\t<div class=\"elementor-column elementor-col-100 elementor-inner-column elementor-element elementor-element-52df52b\" data-id=\"52df52b\" data-element_type=\"column\" data-e-type=\"column\">\n\t\t\t<div class=\"elementor-widget-wrap elementor-element-populated\">\n\t\t\t\t\t\t<div class=\"elementor-element elementor-element-dcae0be elementor-widget elementor-widget-heading\" data-id=\"dcae0be\" data-element_type=\"widget\" data-e-type=\"widget\" data-widget_type=\"heading.default\">\n\t\t\t\t<div class=\"elementor-widget-container\">\n\t\t\t\t\t<h2 class=\"elementor-heading-title elementor-size-default\">Luftemissionen<\/h2>\t\t\t\t<\/div>\n\t\t\t\t<\/div>\n\t\t\t\t<div class=\"elementor-element elementor-element-08b07f0 elementor-widget elementor-widget-text-editor\" data-id=\"08b07f0\" data-element_type=\"widget\" data-e-type=\"widget\" data-widget_type=\"text-editor.default\">\n\t\t\t\t<div class=\"elementor-widget-container\">\n\t\t\t\t\t\t\t\t\t<p>Bevor eine Chemikalie oder ein Material f\u00fcr den Einsatz in Betracht gezogen oder in eine Victaulic-Anlage gebracht wird, wird es zun\u00e4chst auf sein Emissionspotenzial (PTE) bewertet. Die PTE-Bewertung wird das Potenzial f\u00fcr die Emissionen von Stickoxiden (NOx), Schwefeloxiden (S0x), persistenten organischen Schadstoffen (POP), fl\u00fcchtigen organischen Verbindungen (VOC), gef\u00e4hrlichen Luftschadstoffen (HAP), Partikeln (PM) und anderen Standardkategorien von Luftemissionen pr\u00fcfen, die in den einschl\u00e4gigen Vorschriften festgelegt sind. Die Luftemissionen werden in \u00dcbereinstimmung mit den nationalen Vorschriften \u00fcberwacht und gemeldet. Sollten f\u00fcr die Herstellung ozonab\u00e4digende Stoffe erforderlich sein, werden diese Stoffe gem\u00e4\u00df den jeweiligen nationalen Vorschriften \u00fcberwacht und gemeldet.<\/p>\t\t\t\t\t\t\t\t<\/div>\n\t\t\t\t<\/div>\n\t\t\t\t\t<\/div>\n\t\t<\/div>\n\t\t\t\t\t<\/div>\n\t\t<\/section>\n\t\t\t\t\t<\/div>\n\t\t<\/div>\n\t\t\t\t\t<\/div>\n\t\t<\/section>\n\t\t\t\t<\/div>","protected":false},"excerpt":{"rendered":"<p>Sustainability RECYCLED MATERIALS While most of the steel produced today comes from mined iron ore, the life cycle of a Vicast product begins at the scrap yard. That is, we don&#8217;t just buy whatever &#8220;scrap&#8221; is available; we source specific grades of scrap steel and, depending on its availability, our ductile iron products are made [&hellip;]<\/p>\n","protected":false},"author":1,"featured_media":0,"parent":20,"menu_order":0,"comment_status":"closed","ping_status":"closed","template":"elementor_header_footer","meta":{"footnotes":""},"class_list":["post-280","page","type-page","status-publish","hentry"],"_links":{"self":[{"href":"https:\/\/www.cnvicast.com\/de\/wp-json\/wp\/v2\/pages\/280","targetHints":{"allow":["GET"]}}],"collection":[{"href":"https:\/\/www.cnvicast.com\/de\/wp-json\/wp\/v2\/pages"}],"about":[{"href":"https:\/\/www.cnvicast.com\/de\/wp-json\/wp\/v2\/types\/page"}],"author":[{"embeddable":true,"href":"https:\/\/www.cnvicast.com\/de\/wp-json\/wp\/v2\/users\/1"}],"replies":[{"embeddable":true,"href":"https:\/\/www.cnvicast.com\/de\/wp-json\/wp\/v2\/comments?post=280"}],"version-history":[{"count":23,"href":"https:\/\/www.cnvicast.com\/de\/wp-json\/wp\/v2\/pages\/280\/revisions"}],"predecessor-version":[{"id":1506,"href":"https:\/\/www.cnvicast.com\/de\/wp-json\/wp\/v2\/pages\/280\/revisions\/1506"}],"up":[{"embeddable":true,"href":"https:\/\/www.cnvicast.com\/de\/wp-json\/wp\/v2\/pages\/20"}],"wp:attachment":[{"href":"https:\/\/www.cnvicast.com\/de\/wp-json\/wp\/v2\/media?parent=280"}],"curies":[{"name":"wp","href":"https:\/\/api.w.org\/{rel}","templated":true}]}}